{"id":854,"date":"2016-12-03T11:52:50","date_gmt":"2016-12-03T10:52:50","guid":{"rendered":"http:\/\/apecroixluizet.net\/accueil\/?page_id=854"},"modified":"2016-12-05T08:53:49","modified_gmt":"2016-12-05T07:53:49","slug":"la-fete-de-la-science","status":"publish","type":"page","link":"http:\/\/apecroixluizet.net\/accueil\/la-fete-de-la-science\/","title":{"rendered":"La F\u00eate de la Science"},"content":{"rendered":"<h1 style=\"text-align: center;\"><span style=\"color: #3366ff;\">L&rsquo;\u00e9dition <span style=\"color: #800080;\"><strong>2016<\/strong> <\/span>en images :<\/span><span style=\"color: #800080;\"> le Vendredi 14 Octobre<\/span><\/h1>\n<h2 style=\"text-align: center;\">\u00e0 l&rsquo;IUT Lyon 1 \u00e0 Villeurbanne<\/h2>\n<h1 style=\"text-align: center;\"><img loading=\"lazy\" decoding=\"async\" class=\"alignnone size-medium wp-image-906\" src=\"http:\/\/apecroixluizet.net\/accueil\/wp-content\/uploads\/2016\/12\/FDLS-20161014_121943-300x225.jpg\" alt=\"fdls-20161014_121943\" width=\"300\" height=\"225\" srcset=\"http:\/\/apecroixluizet.net\/accueil\/wp-content\/uploads\/2016\/12\/FDLS-20161014_121943-300x225.jpg 300w, http:\/\/apecroixluizet.net\/accueil\/wp-content\/uploads\/2016\/12\/FDLS-20161014_121943-768x576.jpg 768w, http:\/\/apecroixluizet.net\/accueil\/wp-content\/uploads\/2016\/12\/FDLS-20161014_121943-1024x768.jpg 1024w\" sizes=\"auto, (max-width: 300px) 100vw, 300px\" \/><img loading=\"lazy\" decoding=\"async\" class=\"alignnone size-medium wp-image-913 aligncenter\" src=\"http:\/\/apecroixluizet.net\/accueil\/wp-content\/uploads\/2016\/12\/FDLS-20161014_155820-300x225.jpg\" alt=\"fdls-20161014_155820\" width=\"300\" height=\"225\" srcset=\"http:\/\/apecroixluizet.net\/accueil\/wp-content\/uploads\/2016\/12\/FDLS-20161014_155820-300x225.jpg 300w, http:\/\/apecroixluizet.net\/accueil\/wp-content\/uploads\/2016\/12\/FDLS-20161014_155820-768x576.jpg 768w, http:\/\/apecroixluizet.net\/accueil\/wp-content\/uploads\/2016\/12\/FDLS-20161014_155820-1024x768.jpg 1024w\" sizes=\"auto, (max-width: 300px) 100vw, 300px\" \/><\/h1>\n<p style=\"text-align: center;\"><img loading=\"lazy\" decoding=\"async\" class=\"alignnone size-medium wp-image-912\" src=\"http:\/\/apecroixluizet.net\/accueil\/wp-content\/uploads\/2016\/12\/FDLS-20161014_155643-300x225.jpg\" alt=\"fdls-20161014_155643\" width=\"300\" height=\"225\" srcset=\"http:\/\/apecroixluizet.net\/accueil\/wp-content\/uploads\/2016\/12\/FDLS-20161014_155643-300x225.jpg 300w, http:\/\/apecroixluizet.net\/accueil\/wp-content\/uploads\/2016\/12\/FDLS-20161014_155643-768x576.jpg 768w, http:\/\/apecroixluizet.net\/accueil\/wp-content\/uploads\/2016\/12\/FDLS-20161014_155643-1024x768.jpg 1024w\" sizes=\"auto, (max-width: 300px) 100vw, 300px\" \/><\/p>\n<p style=\"text-align: center;\"><img loading=\"lazy\" decoding=\"async\" class=\"alignnone size-medium wp-image-911\" src=\"http:\/\/apecroixluizet.net\/accueil\/wp-content\/uploads\/2016\/12\/FDLS-20161014_155619-300x225.jpg\" alt=\"fdls-20161014_155619\" width=\"300\" height=\"225\" srcset=\"http:\/\/apecroixluizet.net\/accueil\/wp-content\/uploads\/2016\/12\/FDLS-20161014_155619-300x225.jpg 300w, http:\/\/apecroixluizet.net\/accueil\/wp-content\/uploads\/2016\/12\/FDLS-20161014_155619-768x576.jpg 768w, http:\/\/apecroixluizet.net\/accueil\/wp-content\/uploads\/2016\/12\/FDLS-20161014_155619-1024x768.jpg 1024w\" sizes=\"auto, (max-width: 300px) 100vw, 300px\" \/><\/p>\n<p style=\"text-align: center;\"><img loading=\"lazy\" decoding=\"async\" class=\"alignnone size-medium wp-image-910\" src=\"http:\/\/apecroixluizet.net\/accueil\/wp-content\/uploads\/2016\/12\/FDLS-20161014_155519-300x225.jpg\" alt=\"fdls-20161014_155519\" width=\"300\" height=\"225\" srcset=\"http:\/\/apecroixluizet.net\/accueil\/wp-content\/uploads\/2016\/12\/FDLS-20161014_155519-300x225.jpg 300w, http:\/\/apecroixluizet.net\/accueil\/wp-content\/uploads\/2016\/12\/FDLS-20161014_155519-768x576.jpg 768w, http:\/\/apecroixluizet.net\/accueil\/wp-content\/uploads\/2016\/12\/FDLS-20161014_155519-1024x768.jpg 1024w\" sizes=\"auto, (max-width: 300px) 100vw, 300px\" \/><\/p>\n<p style=\"text-align: center;\"><img loading=\"lazy\" decoding=\"async\" class=\"alignnone size-medium wp-image-909\" src=\"http:\/\/apecroixluizet.net\/accueil\/wp-content\/uploads\/2016\/12\/FDLS-20161014_155507-300x225.jpg\" alt=\"fdls-20161014_155507\" width=\"300\" height=\"225\" srcset=\"http:\/\/apecroixluizet.net\/accueil\/wp-content\/uploads\/2016\/12\/FDLS-20161014_155507-300x225.jpg 300w, http:\/\/apecroixluizet.net\/accueil\/wp-content\/uploads\/2016\/12\/FDLS-20161014_155507-768x576.jpg 768w, http:\/\/apecroixluizet.net\/accueil\/wp-content\/uploads\/2016\/12\/FDLS-20161014_155507-1024x768.jpg 1024w\" sizes=\"auto, (max-width: 300px) 100vw, 300px\" \/><\/p>\n<p style=\"text-align: center;\"><img loading=\"lazy\" decoding=\"async\" class=\"alignnone size-medium wp-image-908\" src=\"http:\/\/apecroixluizet.net\/accueil\/wp-content\/uploads\/2016\/12\/FDLS-20161014_135846-300x225.jpg\" alt=\"fdls-20161014_135846\" width=\"300\" height=\"225\" srcset=\"http:\/\/apecroixluizet.net\/accueil\/wp-content\/uploads\/2016\/12\/FDLS-20161014_135846-300x225.jpg 300w, http:\/\/apecroixluizet.net\/accueil\/wp-content\/uploads\/2016\/12\/FDLS-20161014_135846-768x576.jpg 768w, http:\/\/apecroixluizet.net\/accueil\/wp-content\/uploads\/2016\/12\/FDLS-20161014_135846-1024x768.jpg 1024w\" sizes=\"auto, (max-width: 300px) 100vw, 300px\" \/><\/p>\n<p style=\"text-align: center;\"><img loading=\"lazy\" decoding=\"async\" class=\"alignnone size-medium wp-image-907\" src=\"http:\/\/apecroixluizet.net\/accueil\/wp-content\/uploads\/2016\/12\/FDLS-20161014_135411-300x225.jpg\" alt=\"fdls-20161014_135411\" width=\"300\" height=\"225\" srcset=\"http:\/\/apecroixluizet.net\/accueil\/wp-content\/uploads\/2016\/12\/FDLS-20161014_135411-300x225.jpg 300w, http:\/\/apecroixluizet.net\/accueil\/wp-content\/uploads\/2016\/12\/FDLS-20161014_135411-768x576.jpg 768w, http:\/\/apecroixluizet.net\/accueil\/wp-content\/uploads\/2016\/12\/FDLS-20161014_135411-1024x768.jpg 1024w\" sizes=\"auto, (max-width: 300px) 100vw, 300px\" \/><\/p>\n<h1 style=\"text-align: center;\"><span style=\"color: #3366ff;\"><em>&#8230; \u00e0 l&rsquo;ann\u00e9e prochaine !<\/em><\/span><\/h1>\n<p style=\"text-align: center;\"><span style=\"color: #000000; font-family: Arial Black; font-size: large;\"><b>\u00a9<\/b><\/span> 2016 &#8211; APE Croix-Luizet \/ Reproduction Interdite<\/p>\n","protected":false},"excerpt":{"rendered":"<p>L&rsquo;\u00e9dition 2016 en images : le Vendredi 14 Octobre \u00e0 l&rsquo;IUT Lyon 1 \u00e0 Villeurbanne &#8230; \u00e0 l&rsquo;ann\u00e9e prochaine ! \u00a9 2016 &#8211; APE Croix-Luizet \/ Reproduction Interdite<\/p>\n","protected":false},"author":1,"featured_media":0,"parent":0,"menu_order":0,"comment_status":"closed","ping_status":"closed","template":"","meta":{"footnotes":""},"class_list":["post-854","page","type-page","status-publish","hentry"],"post_mailing_queue_ids":[],"_links":{"self":[{"href":"http:\/\/apecroixluizet.net\/accueil\/wp-json\/wp\/v2\/pages\/854","targetHints":{"allow":["GET"]}}],"collection":[{"href":"http:\/\/apecroixluizet.net\/accueil\/wp-json\/wp\/v2\/pages"}],"about":[{"href":"http:\/\/apecroixluizet.net\/accueil\/wp-json\/wp\/v2\/types\/page"}],"author":[{"embeddable":true,"href":"http:\/\/apecroixluizet.net\/accueil\/wp-json\/wp\/v2\/users\/1"}],"replies":[{"embeddable":true,"href":"http:\/\/apecroixluizet.net\/accueil\/wp-json\/wp\/v2\/comments?post=854"}],"version-history":[{"count":7,"href":"http:\/\/apecroixluizet.net\/accueil\/wp-json\/wp\/v2\/pages\/854\/revisions"}],"predecessor-version":[{"id":950,"href":"http:\/\/apecroixluizet.net\/accueil\/wp-json\/wp\/v2\/pages\/854\/revisions\/950"}],"wp:attachment":[{"href":"http:\/\/apecroixluizet.net\/accueil\/wp-json\/wp\/v2\/media?parent=854"}],"curies":[{"name":"wp","href":"https:\/\/api.w.org\/{rel}","templated":true}]}}