{"id":851,"date":"2016-12-03T11:52:29","date_gmt":"2016-12-03T10:52:29","guid":{"rendered":"http:\/\/apecroixluizet.net\/accueil\/?page_id=851"},"modified":"2018-05-02T12:54:53","modified_gmt":"2018-05-02T10:54:53","slug":"le-vide-grenier","status":"publish","type":"page","link":"http:\/\/apecroixluizet.net\/accueil\/le-vide-grenier\/","title":{"rendered":"Le Vide-Grenier (\u00e9dition 2016)"},"content":{"rendered":"<h1 style=\"text-align: center;\"><span style=\"color: #3366ff;\">L&rsquo;\u00e9dition <span style=\"color: #800080;\"><strong>2016<\/strong> <\/span>en images :<\/span><span style=\"color: #800080;\"> le Dimanche 22 Mai<br \/>\n<\/span><\/h1>\n<p><img loading=\"lazy\" decoding=\"async\" class=\"alignnone size-medium wp-image-920 aligncenter\" src=\"http:\/\/apecroixluizet.net\/accueil\/wp-content\/uploads\/2016\/12\/VG-20160522_105220-300x225.jpg\" alt=\"vg-20160522_105220\" width=\"300\" height=\"225\" srcset=\"http:\/\/apecroixluizet.net\/accueil\/wp-content\/uploads\/2016\/12\/VG-20160522_105220-300x225.jpg 300w, http:\/\/apecroixluizet.net\/accueil\/wp-content\/uploads\/2016\/12\/VG-20160522_105220-768x576.jpg 768w, http:\/\/apecroixluizet.net\/accueil\/wp-content\/uploads\/2016\/12\/VG-20160522_105220-1024x768.jpg 1024w\" sizes=\"auto, (max-width: 300px) 100vw, 300px\" \/><\/p>\n<p><img loading=\"lazy\" decoding=\"async\" class=\"alignnone size-medium wp-image-919 aligncenter\" src=\"http:\/\/apecroixluizet.net\/accueil\/wp-content\/uploads\/2016\/12\/VG-20160522_105153-300x225.jpg\" alt=\"vg-20160522_105153\" width=\"300\" height=\"225\" srcset=\"http:\/\/apecroixluizet.net\/accueil\/wp-content\/uploads\/2016\/12\/VG-20160522_105153-300x225.jpg 300w, http:\/\/apecroixluizet.net\/accueil\/wp-content\/uploads\/2016\/12\/VG-20160522_105153-768x576.jpg 768w, http:\/\/apecroixluizet.net\/accueil\/wp-content\/uploads\/2016\/12\/VG-20160522_105153-1024x768.jpg 1024w\" sizes=\"auto, (max-width: 300px) 100vw, 300px\" \/><\/p>\n<p><img loading=\"lazy\" decoding=\"async\" class=\"alignnone size-medium wp-image-918 aligncenter\" src=\"http:\/\/apecroixluizet.net\/accueil\/wp-content\/uploads\/2016\/12\/VG-20160522_105149-300x225.jpg\" alt=\"vg-20160522_105149\" width=\"300\" height=\"225\" srcset=\"http:\/\/apecroixluizet.net\/accueil\/wp-content\/uploads\/2016\/12\/VG-20160522_105149-300x225.jpg 300w, http:\/\/apecroixluizet.net\/accueil\/wp-content\/uploads\/2016\/12\/VG-20160522_105149-768x576.jpg 768w, http:\/\/apecroixluizet.net\/accueil\/wp-content\/uploads\/2016\/12\/VG-20160522_105149-1024x768.jpg 1024w\" sizes=\"auto, (max-width: 300px) 100vw, 300px\" \/><\/p>\n<p><img loading=\"lazy\" decoding=\"async\" class=\"aligncenter wp-image-917 size-medium\" src=\"http:\/\/apecroixluizet.net\/accueil\/wp-content\/uploads\/2016\/12\/VG-20160522_075220-e1480764350697-225x300.jpg\" alt=\"vg-20160522_075220\" width=\"225\" height=\"300\" srcset=\"http:\/\/apecroixluizet.net\/accueil\/wp-content\/uploads\/2016\/12\/VG-20160522_075220-e1480764350697-225x300.jpg 225w, http:\/\/apecroixluizet.net\/accueil\/wp-content\/uploads\/2016\/12\/VG-20160522_075220-e1480764350697-768x1024.jpg 768w\" sizes=\"auto, (max-width: 225px) 100vw, 225px\" \/><\/p>\n<p><img loading=\"lazy\" decoding=\"async\" class=\"alignnone size-medium wp-image-916 aligncenter\" src=\"http:\/\/apecroixluizet.net\/accueil\/wp-content\/uploads\/2016\/12\/VG-20160522_075202-300x225.jpg\" alt=\"vg-20160522_075202\" width=\"300\" height=\"225\" srcset=\"http:\/\/apecroixluizet.net\/accueil\/wp-content\/uploads\/2016\/12\/VG-20160522_075202-300x225.jpg 300w, http:\/\/apecroixluizet.net\/accueil\/wp-content\/uploads\/2016\/12\/VG-20160522_075202-768x576.jpg 768w, http:\/\/apecroixluizet.net\/accueil\/wp-content\/uploads\/2016\/12\/VG-20160522_075202-1024x768.jpg 1024w\" sizes=\"auto, (max-width: 300px) 100vw, 300px\" \/><\/p>\n<p><img loading=\"lazy\" decoding=\"async\" class=\"alignnone size-medium wp-image-915 aligncenter\" src=\"http:\/\/apecroixluizet.net\/accueil\/wp-content\/uploads\/2016\/12\/VG-20160522_075041-300x225.jpg\" alt=\"vg-20160522_075041\" width=\"300\" height=\"225\" srcset=\"http:\/\/apecroixluizet.net\/accueil\/wp-content\/uploads\/2016\/12\/VG-20160522_075041-300x225.jpg 300w, http:\/\/apecroixluizet.net\/accueil\/wp-content\/uploads\/2016\/12\/VG-20160522_075041-768x576.jpg 768w, http:\/\/apecroixluizet.net\/accueil\/wp-content\/uploads\/2016\/12\/VG-20160522_075041-1024x768.jpg 1024w\" sizes=\"auto, (max-width: 300px) 100vw, 300px\" \/><\/p>\n<p><img loading=\"lazy\" decoding=\"async\" class=\"alignnone size-medium wp-image-914 aligncenter\" src=\"http:\/\/apecroixluizet.net\/accueil\/wp-content\/uploads\/2016\/12\/VG-20160522_074651-300x225.jpg\" alt=\"vg-20160522_074651\" width=\"300\" height=\"225\" srcset=\"http:\/\/apecroixluizet.net\/accueil\/wp-content\/uploads\/2016\/12\/VG-20160522_074651-300x225.jpg 300w, http:\/\/apecroixluizet.net\/accueil\/wp-content\/uploads\/2016\/12\/VG-20160522_074651-768x576.jpg 768w, http:\/\/apecroixluizet.net\/accueil\/wp-content\/uploads\/2016\/12\/VG-20160522_074651-1024x768.jpg 1024w\" sizes=\"auto, (max-width: 300px) 100vw, 300px\" \/><\/p>\n<h1 style=\"text-align: center;\"><span style=\"color: #3366ff;\"><em>&#8230; \u00e0 l&rsquo;ann\u00e9e prochaine !<\/em><\/span><\/h1>\n<p style=\"text-align: center;\"><span style=\"color: #000000; font-family: Arial Black; font-size: large;\"><b>\u00a9<\/b><\/span> 2016 &#8211; APE Croix-Luizet \/ Reproduction Interdite<\/p>\n","protected":false},"excerpt":{"rendered":"<p>L&rsquo;\u00e9dition 2016 en images : le Dimanche 22 Mai &#8230; \u00e0 l&rsquo;ann\u00e9e prochaine ! \u00a9 2016 &#8211; APE Croix-Luizet \/ Reproduction Interdite<\/p>\n","protected":false},"author":1,"featured_media":0,"parent":0,"menu_order":0,"comment_status":"closed","ping_status":"closed","template":"","meta":{"footnotes":""},"class_list":["post-851","page","type-page","status-publish","hentry"],"post_mailing_queue_ids":[],"_links":{"self":[{"href":"http:\/\/apecroixluizet.net\/accueil\/wp-json\/wp\/v2\/pages\/851","targetHints":{"allow":["GET"]}}],"collection":[{"href":"http:\/\/apecroixluizet.net\/accueil\/wp-json\/wp\/v2\/pages"}],"about":[{"href":"http:\/\/apecroixluizet.net\/accueil\/wp-json\/wp\/v2\/types\/page"}],"author":[{"embeddable":true,"href":"http:\/\/apecroixluizet.net\/accueil\/wp-json\/wp\/v2\/users\/1"}],"replies":[{"embeddable":true,"href":"http:\/\/apecroixluizet.net\/accueil\/wp-json\/wp\/v2\/comments?post=851"}],"version-history":[{"count":7,"href":"http:\/\/apecroixluizet.net\/accueil\/wp-json\/wp\/v2\/pages\/851\/revisions"}],"predecessor-version":[{"id":1840,"href":"http:\/\/apecroixluizet.net\/accueil\/wp-json\/wp\/v2\/pages\/851\/revisions\/1840"}],"wp:attachment":[{"href":"http:\/\/apecroixluizet.net\/accueil\/wp-json\/wp\/v2\/media?parent=851"}],"curies":[{"name":"wp","href":"https:\/\/api.w.org\/{rel}","templated":true}]}}