{"id":848,"date":"2016-12-03T11:51:19","date_gmt":"2016-12-03T10:51:19","guid":{"rendered":"http:\/\/apecroixluizet.net\/accueil\/?page_id=848"},"modified":"2018-07-02T08:41:19","modified_gmt":"2018-07-02T06:41:19","slug":"la-bourse-aux-jouets","status":"publish","type":"page","link":"http:\/\/apecroixluizet.net\/accueil\/la-bourse-aux-jouets\/","title":{"rendered":"La Bourse aux Jouets (2016)"},"content":{"rendered":"<h1 style=\"text-align: center;\"><span style=\"color: #3366ff;\">L&rsquo;\u00e9dition <span style=\"color: #800080;\"><strong>2016<\/strong> <\/span>en images :<\/span><span style=\"color: #800080;\"> le Samedi 26 Novembre<br \/>\n<\/span><\/h1>\n<h2 style=\"text-align: center;\">avec et \u00e0 la Maison Sociale Croix-Luizet<\/h2>\n<p><img loading=\"lazy\" decoding=\"async\" class=\"alignnone size-medium wp-image-898 aligncenter\" src=\"http:\/\/apecroixluizet.net\/accueil\/wp-content\/uploads\/2016\/12\/BAJ-20161126_092351-300x225.jpg\" alt=\"baj-20161126_092351\" width=\"300\" height=\"225\" srcset=\"http:\/\/apecroixluizet.net\/accueil\/wp-content\/uploads\/2016\/12\/BAJ-20161126_092351-300x225.jpg 300w, http:\/\/apecroixluizet.net\/accueil\/wp-content\/uploads\/2016\/12\/BAJ-20161126_092351-768x576.jpg 768w, http:\/\/apecroixluizet.net\/accueil\/wp-content\/uploads\/2016\/12\/BAJ-20161126_092351-1024x768.jpg 1024w\" sizes=\"auto, (max-width: 300px) 100vw, 300px\" \/><\/p>\n<p><img loading=\"lazy\" decoding=\"async\" class=\"alignnone size-medium wp-image-897 aligncenter\" src=\"http:\/\/apecroixluizet.net\/accueil\/wp-content\/uploads\/2016\/12\/BAJ-20161126_092343-300x225.jpg\" alt=\"baj-20161126_092343\" width=\"300\" height=\"225\" srcset=\"http:\/\/apecroixluizet.net\/accueil\/wp-content\/uploads\/2016\/12\/BAJ-20161126_092343-300x225.jpg 300w, http:\/\/apecroixluizet.net\/accueil\/wp-content\/uploads\/2016\/12\/BAJ-20161126_092343-768x576.jpg 768w, http:\/\/apecroixluizet.net\/accueil\/wp-content\/uploads\/2016\/12\/BAJ-20161126_092343-1024x768.jpg 1024w\" sizes=\"auto, (max-width: 300px) 100vw, 300px\" \/><\/p>\n<p><img loading=\"lazy\" decoding=\"async\" class=\"alignnone size-medium wp-image-896 aligncenter\" src=\"http:\/\/apecroixluizet.net\/accueil\/wp-content\/uploads\/2016\/12\/BAJ-20161126_090037-300x225.jpg\" alt=\"baj-20161126_090037\" width=\"300\" height=\"225\" srcset=\"http:\/\/apecroixluizet.net\/accueil\/wp-content\/uploads\/2016\/12\/BAJ-20161126_090037-300x225.jpg 300w, http:\/\/apecroixluizet.net\/accueil\/wp-content\/uploads\/2016\/12\/BAJ-20161126_090037-768x576.jpg 768w, http:\/\/apecroixluizet.net\/accueil\/wp-content\/uploads\/2016\/12\/BAJ-20161126_090037-1024x768.jpg 1024w\" sizes=\"auto, (max-width: 300px) 100vw, 300px\" \/><\/p>\n<p><img loading=\"lazy\" decoding=\"async\" class=\"alignnone size-medium wp-image-895 aligncenter\" src=\"http:\/\/apecroixluizet.net\/accueil\/wp-content\/uploads\/2016\/12\/BAJ-20161126_090032-300x225.jpg\" alt=\"baj-20161126_090032\" width=\"300\" height=\"225\" srcset=\"http:\/\/apecroixluizet.net\/accueil\/wp-content\/uploads\/2016\/12\/BAJ-20161126_090032-300x225.jpg 300w, http:\/\/apecroixluizet.net\/accueil\/wp-content\/uploads\/2016\/12\/BAJ-20161126_090032-768x576.jpg 768w, http:\/\/apecroixluizet.net\/accueil\/wp-content\/uploads\/2016\/12\/BAJ-20161126_090032-1024x768.jpg 1024w\" sizes=\"auto, (max-width: 300px) 100vw, 300px\" \/><\/p>\n<p><img loading=\"lazy\" decoding=\"async\" class=\"aligncenter wp-image-894 size-medium\" src=\"http:\/\/apecroixluizet.net\/accueil\/wp-content\/uploads\/2016\/12\/BAJ-20161126_085951-e1480764041170-225x300.jpg\" alt=\"baj-20161126_085951\" width=\"225\" height=\"300\" srcset=\"http:\/\/apecroixluizet.net\/accueil\/wp-content\/uploads\/2016\/12\/BAJ-20161126_085951-e1480764041170-225x300.jpg 225w, http:\/\/apecroixluizet.net\/accueil\/wp-content\/uploads\/2016\/12\/BAJ-20161126_085951-e1480764041170-768x1024.jpg 768w\" sizes=\"auto, (max-width: 225px) 100vw, 225px\" \/><\/p>\n<p>&nbsp;<\/p>\n<h1 style=\"text-align: center;\"><span style=\"color: #3366ff;\"><em>&#8230; \u00e0 l&rsquo;ann\u00e9e prochaine !<\/em><br \/>\n<\/span><\/h1>\n<p style=\"text-align: center;\"><span style=\"color: #000000; font-family: Arial Black; font-size: large;\"><b>\u00a9<\/b><\/span> 2016 &#8211; APE Croix-Luizet \/ Reproduction Interdite<\/p>\n","protected":false},"excerpt":{"rendered":"<p>L&rsquo;\u00e9dition 2016 en images : le Samedi 26 Novembre avec et \u00e0 la Maison Sociale Croix-Luizet &nbsp; &#8230; \u00e0 l&rsquo;ann\u00e9e prochaine ! \u00a9 2016 &#8211; APE Croix-Luizet \/ Reproduction Interdite<\/p>\n","protected":false},"author":1,"featured_media":0,"parent":0,"menu_order":0,"comment_status":"closed","ping_status":"closed","template":"","meta":{"footnotes":""},"class_list":["post-848","page","type-page","status-publish","hentry"],"post_mailing_queue_ids":[],"_links":{"self":[{"href":"http:\/\/apecroixluizet.net\/accueil\/wp-json\/wp\/v2\/pages\/848","targetHints":{"allow":["GET"]}}],"collection":[{"href":"http:\/\/apecroixluizet.net\/accueil\/wp-json\/wp\/v2\/pages"}],"about":[{"href":"http:\/\/apecroixluizet.net\/accueil\/wp-json\/wp\/v2\/types\/page"}],"author":[{"embeddable":true,"href":"http:\/\/apecroixluizet.net\/accueil\/wp-json\/wp\/v2\/users\/1"}],"replies":[{"embeddable":true,"href":"http:\/\/apecroixluizet.net\/accueil\/wp-json\/wp\/v2\/comments?post=848"}],"version-history":[{"count":7,"href":"http:\/\/apecroixluizet.net\/accueil\/wp-json\/wp\/v2\/pages\/848\/revisions"}],"predecessor-version":[{"id":1920,"href":"http:\/\/apecroixluizet.net\/accueil\/wp-json\/wp\/v2\/pages\/848\/revisions\/1920"}],"wp:attachment":[{"href":"http:\/\/apecroixluizet.net\/accueil\/wp-json\/wp\/v2\/media?parent=848"}],"curies":[{"name":"wp","href":"https:\/\/api.w.org\/{rel}","templated":true}]}}