{"id":834,"date":"2016-12-03T11:34:43","date_gmt":"2016-12-03T10:34:43","guid":{"rendered":"http:\/\/apecroixluizet.net\/accueil\/?page_id=834"},"modified":"2020-12-10T21:33:18","modified_gmt":"2020-12-10T20:33:18","slug":"ca-bouge-avec-la-p-e","status":"publish","type":"page","link":"http:\/\/apecroixluizet.net\/accueil\/ca-bouge-avec-la-p-e\/","title":{"rendered":"\u00c7a bouge \u00e0 Croix-Luizet &#8230;"},"content":{"rendered":"<h4><img loading=\"lazy\" decoding=\"async\" class=\"aligncenter wp-image-973 size-large\" src=\"http:\/\/apecroixluizet.net\/accueil\/wp-content\/uploads\/2017\/01\/groupescolaire-croixluizet-1024x768.jpg\" width=\"720\" height=\"540\" srcset=\"http:\/\/apecroixluizet.net\/accueil\/wp-content\/uploads\/2017\/01\/groupescolaire-croixluizet-1024x768.jpg 1024w, http:\/\/apecroixluizet.net\/accueil\/wp-content\/uploads\/2017\/01\/groupescolaire-croixluizet-300x225.jpg 300w, http:\/\/apecroixluizet.net\/accueil\/wp-content\/uploads\/2017\/01\/groupescolaire-croixluizet-768x576.jpg 768w, http:\/\/apecroixluizet.net\/accueil\/wp-content\/uploads\/2017\/01\/groupescolaire-croixluizet.jpg 1280w\" sizes=\"auto, (max-width: 720px) 100vw, 720px\" \/><\/h4>\n<h4><span style=\"color: #3366ff;\"><span style=\"color: #339966;\">une production APE film Limited <\/span><br \/>\n<\/span><\/h4>\n<h2 style=\"text-align: left;\"><span style=\"color: #00ccff;\">Il y a bien longtemps, dans<br \/>\nune galaxie <em>pas<\/em> tr\u00e8s lointaine &#8230;<\/span><\/h2>\n<h5 style=\"text-align: left;\"><span style=\"color: #00ccff;\"><b>Croix-Luizet<\/b> est un quartier de la <a style=\"color: #00ccff;\" title=\"Villeurbanne\" href=\"https:\/\/fr.wikipedia.org\/wiki\/Villeurbanne\" target=\"_blank\" rel=\"noopener noreferrer\"><span style=\"text-decoration: underline;\">ville de Villeurbanne<\/span>, <\/a>dans le d\u00e9partement du <a style=\"color: #00ccff;\" title=\"Rh\u00f4ne (d\u00e9partement)\" href=\"https:\/\/fr.wikipedia.org\/wiki\/Rh%C3%B4ne_%28d%C3%A9partement%29\" target=\"_blank\" rel=\"noopener noreferrer\"><span style=\"text-decoration: underline;\">Rh\u00f4ne, <\/span><\/a>en <span style=\"text-decoration: underline;\"><a style=\"color: #00ccff; text-decoration: underline;\" title=\"France\" href=\"https:\/\/fr.wikipedia.org\/wiki\/France\" target=\"_blank\" rel=\"noopener noreferrer\">France<\/a>.<\/span><\/span><\/h5>\n<p style=\"text-align: left;\"><img loading=\"lazy\" decoding=\"async\" class=\"alignnone size-medium wp-image-921 aligncenter\" src=\"http:\/\/apecroixluizet.net\/accueil\/wp-content\/uploads\/2016\/12\/G\u00e9olocalisation_CroixLuizet-300x270.jpg\" alt=\"geolocalisation_croixluizet\" width=\"300\" height=\"270\" srcset=\"http:\/\/apecroixluizet.net\/accueil\/wp-content\/uploads\/2016\/12\/G\u00e9olocalisation_CroixLuizet-300x270.jpg 300w, http:\/\/apecroixluizet.net\/accueil\/wp-content\/uploads\/2016\/12\/G\u00e9olocalisation_CroixLuizet.jpg 514w\" sizes=\"auto, (max-width: 300px) 100vw, 300px\" \/><\/p>\n<p>Le nom du quartier est d\u00fb \u00e0 une croix en pierre \u00e9rig\u00e9e le <time class=\"nowrap date-lien\" datetime=\"1714-09-30\">30 septembre 1714<\/time> et b\u00e9nite cette m\u00eame ann\u00e9e par le cur\u00e9 de Saint-Julien de Cusset<sup>.<\/sup> Cette croix reposait d&rsquo;abord sur un socle en pierre de <span class=\"nowrap\">3\u00a0m<\/span> grav\u00e9 des initiales de Louise-Janot Dollier, puis \u00e0 la suite de la <a title=\"Loi de s\u00e9paration des \u00c9glises et de l'\u00c9tat\" href=\"https:\/\/fr.wikipedia.org\/wiki\/Loi_de_s%C3%A9paration_des_%C3%89glises_et_de_l%27%C3%89tat\">loi de s\u00e9paration des \u00c9glises et de l&rsquo;\u00c9tat<\/a> son socle est retir\u00e9 en 1906. Elle est d\u00e9plac\u00e9e apr\u00e8s la R\u00e9volution dans le jardin du ch\u00e2teau Gaillard, actuellement parc <i>Alexis-Jordan<\/i>.<\/p>\n<p><strong>plus d&rsquo;informations sur <a href=\"https:\/\/fr.wikipedia.org\/wiki\/Croix-Luizet\" target=\"_blank\" rel=\"noopener noreferrer\">Wikip\u00e9dia &#8211; Croix-Luizet<\/a><\/strong><\/p>\n","protected":false},"excerpt":{"rendered":"<p>une production APE film Limited Il y a bien longtemps, dans une galaxie pas tr\u00e8s lointaine &#8230; Croix-Luizet est un quartier de la ville de Villeurbanne, dans le d\u00e9partement du Rh\u00f4ne, en France. Le nom du quartier est d\u00fb \u00e0<\/p>\n","protected":false},"author":1,"featured_media":0,"parent":0,"menu_order":0,"comment_status":"closed","ping_status":"closed","template":"","meta":{"footnotes":""},"class_list":["post-834","page","type-page","status-publish","hentry"],"post_mailing_queue_ids":[],"_links":{"self":[{"href":"http:\/\/apecroixluizet.net\/accueil\/wp-json\/wp\/v2\/pages\/834","targetHints":{"allow":["GET"]}}],"collection":[{"href":"http:\/\/apecroixluizet.net\/accueil\/wp-json\/wp\/v2\/pages"}],"about":[{"href":"http:\/\/apecroixluizet.net\/accueil\/wp-json\/wp\/v2\/types\/page"}],"author":[{"embeddable":true,"href":"http:\/\/apecroixluizet.net\/accueil\/wp-json\/wp\/v2\/users\/1"}],"replies":[{"embeddable":true,"href":"http:\/\/apecroixluizet.net\/accueil\/wp-json\/wp\/v2\/comments?post=834"}],"version-history":[{"count":13,"href":"http:\/\/apecroixluizet.net\/accueil\/wp-json\/wp\/v2\/pages\/834\/revisions"}],"predecessor-version":[{"id":2383,"href":"http:\/\/apecroixluizet.net\/accueil\/wp-json\/wp\/v2\/pages\/834\/revisions\/2383"}],"wp:attachment":[{"href":"http:\/\/apecroixluizet.net\/accueil\/wp-json\/wp\/v2\/media?parent=834"}],"curies":[{"name":"wp","href":"https:\/\/api.w.org\/{rel}","templated":true}]}}