{"id":602,"date":"2016-10-19T15:30:50","date_gmt":"2016-10-19T13:30:50","guid":{"rendered":"http:\/\/apecroixluizet.net\/accueil\/?page_id=602"},"modified":"2021-10-15T11:16:26","modified_gmt":"2021-10-15T09:16:26","slug":"les-representants-de-parents-deleves","status":"publish","type":"page","link":"http:\/\/apecroixluizet.net\/accueil\/les-representants-de-parents-deleves\/","title":{"rendered":"Les repr\u00e9sentants des parents d&rsquo;\u00e9l\u00e8ves"},"content":{"rendered":"\n<div class=\"wp-block-group\"><div class=\"wp-block-group__inner-container is-layout-flow wp-block-group-is-layout-flow\">\n<h3 class=\"wp-block-heading\"><span class=\"has-inline-color has-vivid-cyan-blue-color\">Les parents d&rsquo;\u00e9l\u00e8ves r\u00e9f\u00e9rents des classes de vos enfants<\/span><\/h3>\n\n\n\n<p>Vous et ou votre enfant rencontrez des difficult\u00e9s ? Vous avez quelques choses \u00e0 faire remonter \u00e0 la direction de l&rsquo;\u00e9cole ? Vous souhaitez discuter en priv\u00e9 d&rsquo;un sujet sur la classe ou sur l&rsquo;\u00e9cole ? Vous voulez proposer des activit\u00e9s ou partager une information utile ? <br><strong><a href=\"http:\/\/apecroixluizet.net\/accueil\/informations-pratiques\/\" data-type=\"page\" data-id=\"54\">Contactez l&rsquo;APE par mail<\/a> ou demandez \u00e0 voir le r\u00e9f\u00e9rent de la classe de votre enfant. <\/strong><\/p>\n\n\n\n<div class=\"wp-block-columns is-layout-flex wp-container-core-columns-is-layout-9d6595d7 wp-block-columns-is-layout-flex\">\n<div class=\"wp-block-column is-layout-flow wp-block-column-is-layout-flow\">\n<h5 class=\"has-text-align-left wp-block-heading\"><strong><span class=\"has-inline-color has-vivid-cyan-blue-color\">\u00c9cole Maternelle<\/span><\/strong><\/h5>\n\n\n\n<figure class=\"wp-block-table alignwide is-style-regular\"><table><thead><tr><th class=\"has-text-align-left\" data-align=\"left\">classe<br>r\u00e9f\u00e9rente<\/th><th>Noms<\/th><\/tr><\/thead><tbody><tr><td class=\"has-text-align-left\" data-align=\"left\">classe 1<\/td><td><\/td><\/tr><tr><td class=\"has-text-align-left\" data-align=\"left\">classe 2<\/td><td><\/td><\/tr><tr><td class=\"has-text-align-left\" data-align=\"left\">classe 3<\/td><td><\/td><\/tr><tr><td class=\"has-text-align-left\" data-align=\"left\">classe 4<\/td><td><\/td><\/tr><tr><td class=\"has-text-align-left\" data-align=\"left\">classe 5<\/td><td><\/td><\/tr><tr><td class=\"has-text-align-left\" data-align=\"left\">classe 6<\/td><td><\/td><\/tr><tr><td class=\"has-text-align-left\" data-align=\"left\">classe 7<\/td><td><\/td><\/tr><tr><td class=\"has-text-align-left\" data-align=\"left\">classe 8<\/td><td><\/td><\/tr><tr><td class=\"has-text-align-left\" data-align=\"left\">classe 9<\/td><td><\/td><\/tr><tr><td class=\"has-text-align-left\" data-align=\"left\">classe 10<\/td><td><\/td><\/tr><\/tbody><\/table><\/figure>\n<\/div>\n\n\n\n<div class=\"wp-block-column is-layout-flow wp-block-column-is-layout-flow\">\n<h5 class=\"has-text-align-left wp-block-heading\"><strong><span class=\"has-inline-color has-vivid-cyan-blue-color\">\u00c9cole Primaire<\/span><\/strong><\/h5>\n\n\n\n<figure class=\"wp-block-table alignwide\"><table><thead><tr><th class=\"has-text-align-left\" data-align=\"left\"><strong>classe<\/strong><br><strong>r\u00e9f\u00e9rente<\/strong><\/th><th><strong>Noms<\/strong><\/th><\/tr><\/thead><tbody><tr><td class=\"has-text-align-left\" data-align=\"left\">classe 1<\/td><td><\/td><\/tr><tr><td class=\"has-text-align-left\" data-align=\"left\">classe 2<\/td><td><\/td><\/tr><tr><td class=\"has-text-align-left\" data-align=\"left\">classe 3<br>classe 5<\/td><td><\/td><\/tr><tr><td class=\"has-text-align-left\" data-align=\"left\">classe 4<\/td><td><\/td><\/tr><tr><td class=\"has-text-align-left\" data-align=\"left\">classe 6<\/td><td><\/td><\/tr><tr><td class=\"has-text-align-left\" data-align=\"left\">classe 7<\/td><td><\/td><\/tr><tr><td class=\"has-text-align-left\" data-align=\"left\">classe 8<\/td><td><\/td><\/tr><tr><td class=\"has-text-align-left\" data-align=\"left\">classe 9<\/td><td><\/td><\/tr><tr><td class=\"has-text-align-left\" data-align=\"left\">classe 10<\/td><td><\/td><\/tr><tr><td class=\"has-text-align-left\" data-align=\"left\">classe 11<\/td><td><\/td><\/tr><tr><td class=\"has-text-align-left\" data-align=\"left\">classe 12<\/td><td><\/td><\/tr><tr><td class=\"has-text-align-left\" data-align=\"left\">classe 13<\/td><td><\/td><\/tr><tr><td class=\"has-text-align-left\" data-align=\"left\">classe 14<\/td><td><\/td><\/tr><tr><td class=\"has-text-align-left\" data-align=\"left\">classe 15<\/td><td><\/td><\/tr><tr><td class=\"has-text-align-left\" data-align=\"left\">Ulis<\/td><td><\/td><\/tr><\/tbody><\/table><\/figure>\n\n\n\n<p><\/p>\n<\/div>\n<\/div>\n\n\n\n<div class=\"wp-block-group\"><div class=\"wp-block-group__inner-container is-layout-flow wp-block-group-is-layout-flow\">\n<p><\/p>\n<\/div><\/div>\n\n\n\n<h3 class=\"wp-block-heading\"><span class=\"has-inline-color has-vivid-cyan-blue-color\">Les Parents d\u2019\u00c9l\u00e8ves membres du bureau de l&rsquo;association :<\/span><\/h3>\n\n\n\n<ul class=\"wp-block-list\"><li>Pr\u00e9sident(e) :<strong>Bouchra TOUROUGUI<\/strong><\/li><li>Tr\u00e9sorier(e) : <strong><strong>Nabila SOUALMI<\/strong><\/strong><\/li><li>Secr\u00e9taire :\u00a0<strong>D\u00e9borah Ducrot<\/strong><\/li><\/ul>\n<\/div><\/div>\n\n\n\n<div class=\"wp-block-group\"><div class=\"wp-block-group__inner-container is-layout-flow wp-block-group-is-layout-flow\">\n<p><\/p>\n\n\n\n<h3 class=\"wp-block-heading\"><span class=\"has-inline-color has-vivid-cyan-blue-color\">Liste de tous les repr\u00e9sentants des parents d&rsquo;\u00e9l\u00e8ves<\/span><\/h3>\n\n\n\n<div class=\"wp-block-columns is-layout-flex wp-container-core-columns-is-layout-9d6595d7 wp-block-columns-is-layout-flex\">\n<div class=\"wp-block-column is-layout-flow wp-block-column-is-layout-flow\">\n<figure class=\"wp-block-table is-style-regular\"><table><thead><tr><th>\u00e9cole Maternelle<\/th><\/tr><\/thead><tbody><tr><td>Linda BEKLI<\/td><\/tr><tr><td>Matthieu BORREL<\/td><\/tr><tr><td>Manon BOUQUET<\/td><\/tr><tr><td>D\u00e9borah DUCROT<\/td><\/tr><tr><td>Nelly EMPEREUR<\/td><\/tr><tr><td>Thomas MARCHAND<\/td><\/tr><tr><td>St\u00e9phane MOR<\/td><\/tr><tr><td>Mona SADKI<\/td><\/tr><tr><td>Amina TEHARI<\/td><\/tr><\/tbody><\/table><\/figure>\n<\/div>\n\n\n\n<div class=\"wp-block-column is-layout-flow wp-block-column-is-layout-flow\">\n<figure class=\"wp-block-table\"><table><thead><tr><th>\u00e9cole <strong>Primaire<\/strong><\/th><\/tr><\/thead><tbody><tr><td>Le\u00efla ABDELKAMEL<\/td><\/tr><tr><td>Linda BEKLI<\/td><\/tr><tr><td>Christelle DE CRUZ<\/td><\/tr><tr><td>Susana DOS SANTOS BRAY<\/td><\/tr><tr><td>D\u00e9borah DUCROT<\/td><\/tr><tr><td>St\u00e9phanie DUPLAN<\/td><\/tr><tr><td>Nelly EMPEREUR<\/td><\/tr><tr><td>Tasnime HASSAMBAY<\/td><\/tr><tr><td>St\u00e9phanie LEFEBVRE<\/td><\/tr><tr><td>Salima REZIG<\/td><\/tr><tr><td>Le\u00efla SAIDI<\/td><\/tr><tr><td>Abdekerem SOUALMI<\/td><\/tr><tr><td>Nabila SOUALMI<\/td><\/tr><tr><td>Bouchra TOUROUGUI<\/td><\/tr><tr><td>Mohammed TOUROUGUI<\/td><\/tr><tr><td>Marie-Alice VIROLLEAUD<\/td><\/tr><tr><td>La\u00ebtitia ZAHNA<\/td><\/tr><\/tbody><\/table><\/figure>\n<\/div>\n<\/div>\n\n\n\n<p><\/p>\n<\/div><\/div>\n\n\n\n<div class=\"wp-block-group\"><div class=\"wp-block-group__inner-container is-layout-flow wp-block-group-is-layout-flow\">\n<h3 class=\"wp-block-heading\"><span class=\"has-inline-color has-vivid-cyan-blue-color\">R\u00e9sultats des \u00e9lections<\/span><\/h3>\n\n\n\n<figure class=\"wp-block-table\"><table><tbody><tr><td>&nbsp;<\/td><td>Nombre d&rsquo;inscrits<\/td><td>Nombre de votants<\/td><td>Nombre de bulletins blancs ou nuls<\/td><td>Nombre de suffrages exprim\u00e9s<\/td><td><strong>Taux de participation<\/strong><\/td><td>Proc\u00e8s Verbal<\/td><\/tr><tr><td><strong>2016-2017 <\/strong>(07\/10)<\/td><td>655<\/td><td>123<\/td><td>12<\/td><td>111<\/td><td><strong>18,78 %<\/strong><\/td><td><a href=\"http:\/\/apecroixluizet.net\/accueil\/wp-content\/uploads\/2016\/11\/20161007-pv-\u00e9lections-croixluizet-\u00e9l\u00e9mentaire-2016.pdf\" target=\"_blank\" rel=\"noreferrer noopener\">pv<\/a><\/td><\/tr><tr><td><strong>2017-2018 <\/strong>(13\/10)<\/td><td>&nbsp;672<\/td><td>&nbsp;161<\/td><td>&nbsp;34<\/td><td>&nbsp;127<\/td><td><strong>23,96 %<\/strong> Maternelle 19,61% El\u00e9mentaire : 24,00%<\/td><td><a href=\"http:\/\/apecroixluizet.net\/accueil\/wp-content\/uploads\/2018\/01\/20171013-Elections-PV-Maternelle.pdf\" target=\"_blank\" rel=\"noreferrer noopener\">PV Maternelle<\/a> <a href=\"http:\/\/apecroixluizet.net\/accueil\/wp-content\/uploads\/2017\/12\/20171013-Elections-PV-Primaire.pdf\" target=\"_blank\" rel=\"noreferrer noopener\">PV Primaire<\/a><\/td><\/tr><tr><td><strong>2018-2019 <\/strong>(12\/10)<\/td><td>459 &nbsp; 639<\/td><td>65 &nbsp; 128<\/td><td>17 &nbsp; 33<\/td><td>48 &nbsp; 95<\/td><td>Maternelle : 14,16% &nbsp; El\u00e9mentaire : 20,03%<\/td><td><a href=\"http:\/\/apecroixluizet.net\/accueil\/wp-content\/uploads\/2018\/10\/Elections-parents-d\u00e9l\u00e8ves.pdf\" target=\"_blank\" rel=\"noreferrer noopener\">PV Maternelle<\/a> <a target=\"_blank\" rel=\"noreferrer noopener\">PV Primaire<\/a><\/td><\/tr><\/tbody><\/table><\/figure>\n\n\n\n<p><\/p>\n<\/div><\/div>\n","protected":false},"excerpt":{"rendered":"<p>Les parents d&rsquo;\u00e9l\u00e8ves r\u00e9f\u00e9rents des classes de vos enfants Vous et ou votre enfant rencontrez des difficult\u00e9s ? Vous avez quelques choses \u00e0 faire remonter \u00e0 la direction de l&rsquo;\u00e9cole ? Vous souhaitez discuter en priv\u00e9 d&rsquo;un sujet sur la<\/p>\n","protected":false},"author":1,"featured_media":0,"parent":0,"menu_order":0,"comment_status":"closed","ping_status":"closed","template":"","meta":{"footnotes":""},"class_list":["post-602","page","type-page","status-publish","hentry"],"post_mailing_queue_ids":[],"_links":{"self":[{"href":"http:\/\/apecroixluizet.net\/accueil\/wp-json\/wp\/v2\/pages\/602","targetHints":{"allow":["GET"]}}],"collection":[{"href":"http:\/\/apecroixluizet.net\/accueil\/wp-json\/wp\/v2\/pages"}],"about":[{"href":"http:\/\/apecroixluizet.net\/accueil\/wp-json\/wp\/v2\/types\/page"}],"author":[{"embeddable":true,"href":"http:\/\/apecroixluizet.net\/accueil\/wp-json\/wp\/v2\/users\/1"}],"replies":[{"embeddable":true,"href":"http:\/\/apecroixluizet.net\/accueil\/wp-json\/wp\/v2\/comments?post=602"}],"version-history":[{"count":50,"href":"http:\/\/apecroixluizet.net\/accueil\/wp-json\/wp\/v2\/pages\/602\/revisions"}],"predecessor-version":[{"id":2516,"href":"http:\/\/apecroixluizet.net\/accueil\/wp-json\/wp\/v2\/pages\/602\/revisions\/2516"}],"wp:attachment":[{"href":"http:\/\/apecroixluizet.net\/accueil\/wp-json\/wp\/v2\/media?parent=602"}],"curies":[{"name":"wp","href":"https:\/\/api.w.org\/{rel}","templated":true}]}}