{"id":597,"date":"2016-10-19T15:27:38","date_gmt":"2016-10-19T13:27:38","guid":{"rendered":"http:\/\/apecroixluizet.net\/accueil\/?page_id=597"},"modified":"2018-06-29T14:25:50","modified_gmt":"2018-06-29T12:25:50","slug":"hyper-liens","status":"publish","type":"page","link":"http:\/\/apecroixluizet.net\/accueil\/hyper-liens\/","title":{"rendered":"(hyper)Liens"},"content":{"rendered":"<h3><\/h3>\n<h3 style=\"text-align: center;\"><a href=\"http:\/\/apecroixluizet.net\/accueil\/wp-content\/uploads\/2016\/10\/logo_pageliens.jpg\"><img loading=\"lazy\" decoding=\"async\" class=\"alignnone wp-image-586 size-full\" src=\"http:\/\/apecroixluizet.net\/accueil\/wp-content\/uploads\/2016\/10\/logo_pageliens.jpg\" alt=\"logo_pageliens\" width=\"725\" height=\"199\" srcset=\"http:\/\/apecroixluizet.net\/accueil\/wp-content\/uploads\/2016\/10\/logo_pageliens.jpg 725w, http:\/\/apecroixluizet.net\/accueil\/wp-content\/uploads\/2016\/10\/logo_pageliens-300x82.jpg 300w\" sizes=\"auto, (max-width: 725px) 100vw, 725px\" \/><\/a><\/h3>\n<h3 style=\"text-align: center;\"><\/h3>\n<p style=\"text-align: left;\"><span style=\"color: #333333;\"><em>Sur cette page vous trouverez des liens pour les enfants, leur famille et encore mieux &#8230; pour tous !<\/em><\/span><\/p>\n<p style=\"text-align: left;\"><span style=\"color: #333333;\"><em>Des liens vers des sites qui vont au-del\u00e0 de l&rsquo;univers scolaire mais qui offrent de la curiosit\u00e9, des regards et des possibles dans les domaines du loisir, de l&rsquo;actualit\u00e9, de la lecture et des questions en veux tu en voil\u00e0.<br \/>\nVous y trouverez aussi des informations sur la vie de notre quartier et ceux qui y participent.<br \/>\n<\/em><\/span><\/p>\n<p style=\"text-align: left;\"><em><span style=\"color: #3366ff;\"><span style=\"color: #333333;\">Vous verrez enfin des conseils sur internet et comment y accompagner les enfants mais pas que.<\/span><br \/>\n<\/span><\/em><\/p>\n<p style=\"text-align: center;\"><span style=\"color: #008000;\"><em><strong>(cliquez sur les logos pour acc\u00e9der aux diff\u00e9rents sites)<\/strong><\/em><\/span><\/p>\n<h2 class=\"alignnone\" style=\"text-align: left;\"><\/h2>\n<h2 class=\"alignnone\" style=\"text-align: left;\"><strong><span style=\"color: #3366ff;\">A lire, \u00e0 \u00e9couter, \u00e0 d\u00e9couvrir &#8230;<\/span><\/strong><\/h2>\n<p><a href=\"http:\/\/www.grainsdesel.com\/\" target=\"_blank\" rel=\"noopener noreferrer\"><img loading=\"lazy\" decoding=\"async\" class=\"alignleft wp-image-582 size-full\" src=\"http:\/\/apecroixluizet.net\/accueil\/wp-content\/uploads\/2016\/10\/logo_graindesel.jpg\" alt=\"logo_graindesel\" width=\"120\" height=\"89\" \/><\/a><\/p>\n<p>&nbsp;<\/p>\n<p>&nbsp;<\/p>\n<p>Le mensuel urbain des familles. Toutes vos id\u00e9es de sorties en famille avec un focus sur les spectacles et les grands \u00e9v\u00e9nements du mois. Des id\u00e9es d\u2019activit\u00e9s atypiques pour s\u2019occuper autrement pendant les vacances et tout le reste de l\u2019ann\u00e9e !<\/p>\n<p>&nbsp;<\/p>\n<p><a href=\"http:\/\/www.liberation.fr\/apps\/ptit-libe\/\" target=\"_blank\" rel=\"noopener noreferrer\"><img loading=\"lazy\" decoding=\"async\" class=\"alignnone wp-image-588 size-full\" src=\"http:\/\/apecroixluizet.net\/accueil\/wp-content\/uploads\/2016\/10\/logo_ptit-libe.jpg\" alt=\"logo_ptit-libe\" width=\"111\" height=\"73\" \/><\/a><br \/>\nInteractif, p\u00e9dagogique et \u00e0 hauteur d\u2019enfant, <strong><em>le P\u2019tit Lib\u00e9<\/em><\/strong> d\u00e9crypte chaque mois l\u2019actualit\u00e9 pour les 7-12 ans.<\/p>\n<p>&nbsp;<\/p>\n<p><a href=\"http:\/\/next.liberation.fr\/livres-jeunesse,100509\" target=\"_blank\" rel=\"noopener noreferrer\"><img loading=\"lazy\" decoding=\"async\" class=\"alignnone wp-image-733 size-full\" src=\"http:\/\/apecroixluizet.net\/accueil\/wp-content\/uploads\/2016\/10\/logo_liberation.jpg\" alt=\"logo_liberation\" width=\"124\" height=\"51\" \/><img loading=\"lazy\" decoding=\"async\" class=\"alignnone wp-image-730 size-full\" src=\"http:\/\/apecroixluizet.net\/accueil\/wp-content\/uploads\/2016\/10\/logo_lespagesjeunes.jpg\" alt=\"logo_lespagesjeunes\" width=\"245\" height=\"44\" \/><\/a><br \/>\nToutes les vendredi, \u00ab<strong>Lib\u00e9ration<\/strong>\u00bb fait le point sur l\u2019actualit\u00e9 du livre jeunesse :<\/p>\n<p>ci-dessous quelques exemples d\u00e9j\u00e0 parus :<\/p>\n<ul>\n<li><a href=\"http:\/\/www.liberation.fr\/sciences\/2018\/06\/29\/quand-la-science-tourne-au-cocasse_1650535\" target=\"_blank\" rel=\"noopener\">Quand la science tourne au cocasse<\/a><\/li>\n<li><a href=\"http:\/\/next.liberation.fr\/livres\/2018\/03\/09\/la-mer-au-milieu-du-desert-pour-grand-grand-mere_1631945\" target=\"_blank\" rel=\"noopener\">La mer au milieu du d\u00e9sert pour grand-grand-m\u00e8re<\/a><\/li>\n<li><a href=\"http:\/\/www.liberation.fr\/france\/2018\/03\/02\/rosalie-aimerait-savoir-parler-aux-plantes-comme-a-son-grille-pain_1632216\" target=\"_blank\" rel=\"noopener\">Rosalie aimerait savoir parler aux plantes comme \u00e0 son grille-pain<\/a><\/li>\n<li><a href=\"http:\/\/next.liberation.fr\/culture\/2018\/02\/23\/heho-dans-la-montagne_1629468\" target=\"_blank\" rel=\"noopener\">H\u00e9ho dans \u00abla Montagne\u00bb<\/a><\/li>\n<li><a href=\"http:\/\/next.liberation.fr\/livres\/2017\/11\/10\/pages-jeunes-j-ai-mal-aux-cheveux_1607235\" target=\"_blank\" rel=\"noopener\">J&rsquo;ai mal aux cheveux<\/a><\/li>\n<li><a href=\"http:\/\/next.liberation.fr\/livres\/2017\/09\/29\/histoire-que-les-filles-ne-se-prennent-pas-pour-des-billes_1599522?utm_campaign=Echobox&amp;utm_medium=Social&amp;utm_source=Facebook#link_time=1506676843\" target=\"_blank\" rel=\"noopener\">Histoire que les filles ne se prennent pas pour des billes<\/a><\/li>\n<li><a href=\"http:\/\/next.liberation.fr\/livres\/2017\/09\/01\/reves-de-premiere-rentree_1593556\" target=\"_blank\" rel=\"noopener\">R\u00eaves de premi\u00e8re rentr\u00e9e<\/a><\/li>\n<li><a href=\"http:\/\/next.liberation.fr\/images\/2017\/07\/07\/chaussette-ca-sent-l-epiee_1580649\" target=\"_blank\" rel=\"noopener noreferrer\">Chaussette, \u00e7a sent l&rsquo;\u00e9pi\u00e9e<\/a><\/li>\n<li><a href=\"http:\/\/next.liberation.fr\/culture-next\/2017\/06\/16\/la-princesse-de-la-serpilliere-coup-de-torchon_1575633?utm_campaign=Echobox&amp;utm_medium=Social&amp;utm_source=Facebook#link_time=1497604241\" target=\"_blank\" rel=\"noopener noreferrer\">\u00abLa princesse de la serpilli\u00e8re\u00bb, coup de torchon<\/a><\/li>\n<li><a href=\"http:\/\/next.liberation.fr\/livres\/2017\/05\/12\/coco-bagarre-et-princesse-caca-heros-des-marmots_1569071\" target=\"_blank\" rel=\"noopener noreferrer\">Coco Bagarre et Princesse Caca, h\u00e9ros des marmots\u00a0<\/a><\/li>\n<li><a href=\"http:\/\/next.liberation.fr\/culture-next\/2017\/03\/24\/presidentielle-des-livres-a-mettre-entre-les-mains-des-enfants_1557056\" target=\"_blank\" rel=\"noopener noreferrer\">Pr\u00e9sidentielle : des livres \u00e0 mettre entre les mains des enfants<\/a><\/li>\n<li><a href=\"http:\/\/next.liberation.fr\/culture-next\/2017\/03\/17\/plein-la-vue_1554704\" target=\"_blank\" rel=\"noopener noreferrer\">Plein la vue !<\/a><\/li>\n<\/ul>\n<p>&nbsp;<\/p>\n<p class=\"alignnone\"><a href=\"https:\/\/www.franceinter.fr\/emissions\/les-p-tits-bateaux\" target=\"_blank\" rel=\"noopener noreferrer\"><img loading=\"lazy\" decoding=\"async\" class=\"alignnone wp-image-581 size-full\" src=\"http:\/\/apecroixluizet.net\/accueil\/wp-content\/uploads\/2016\/10\/logo_franceinter.jpg\" alt=\"logo_franceinter\" width=\"81\" height=\"39\" \/><\/a><a href=\"https:\/\/www.franceinter.fr\/emissions\/les-p-tits-bateaux\" target=\"_blank\" rel=\"noopener noreferrer\"><img loading=\"lazy\" decoding=\"async\" class=\"alignnone wp-image-585 size-full\" src=\"http:\/\/apecroixluizet.net\/accueil\/wp-content\/uploads\/2016\/10\/logo_lesptitbateaux.jpg\" alt=\"logo_lesptitbateaux\" width=\"222\" height=\"31\" \/><\/a><br \/>\nJeunes (et moins jeunes !) peuvent poser toutes les questions possibles et imaginables au 01 56 40 43 57\u2026 Chaque dimanche \u00e0 19h30, des sp\u00e9cialistes passionn\u00e9s et passionnants y r\u00e9pondent.<\/p>\n<p>&nbsp;<\/p>\n<p><a href=\"https:\/\/www.franceinter.fr\/emissions\/l-tu-lu-mon-p-tit-loup\" target=\"_blank\" rel=\"noopener noreferrer\"><img loading=\"lazy\" decoding=\"async\" class=\"alignnone wp-image-581 size-full\" src=\"http:\/\/apecroixluizet.net\/accueil\/wp-content\/uploads\/2016\/10\/logo_franceinter.jpg\" alt=\"logo_franceinter\" width=\"81\" height=\"39\" \/><\/a><a href=\"https:\/\/www.franceinter.fr\/emissions\/l-tu-lu-mon-p-tit-loup\" target=\"_blank\" rel=\"noopener noreferrer\"><img loading=\"lazy\" decoding=\"async\" class=\"alignnone wp-image-584 size-medium\" src=\"http:\/\/apecroixluizet.net\/accueil\/wp-content\/uploads\/2016\/10\/logo_latulu-300x36.jpg\" alt=\"logo_latulu\" width=\"300\" height=\"36\" srcset=\"http:\/\/apecroixluizet.net\/accueil\/wp-content\/uploads\/2016\/10\/logo_latulu-300x36.jpg 300w, http:\/\/apecroixluizet.net\/accueil\/wp-content\/uploads\/2016\/10\/logo_latulu.jpg 330w\" sizes=\"auto, (max-width: 300px) 100vw, 300px\" \/><\/a><br \/>\nChaque dimanche sur France Inter de 19h55 \u00e0 20h00, le magazine des livres pour enfants.<\/p>\n<p>&nbsp;<\/p>\n<p><a href=\"http:\/\/www.ledauphinedesenfants.ledauphine.com\/#\" target=\"_blank\" rel=\"noopener noreferrer\"><img loading=\"lazy\" decoding=\"async\" class=\"alignnone wp-image-742 size-medium\" src=\"http:\/\/apecroixluizet.net\/accueil\/wp-content\/uploads\/2016\/10\/logo_dauphin\u00e9-des-enfants-300x45.jpg\" alt=\"logo_dauphine-des-enfants\" width=\"300\" height=\"45\" srcset=\"http:\/\/apecroixluizet.net\/accueil\/wp-content\/uploads\/2016\/10\/logo_dauphin\u00e9-des-enfants-300x45.jpg 300w, http:\/\/apecroixluizet.net\/accueil\/wp-content\/uploads\/2016\/10\/logo_dauphin\u00e9-des-enfants.jpg 327w\" sizes=\"auto, (max-width: 300px) 100vw, 300px\" \/><\/a><br \/>\nLe Dauphin\u00e9 des enfants est un nouveau journal pour les 6-11\u00a0ans cr\u00e9\u00e9 par Le Dauphin\u00e9 Lib\u00e9r\u00e9. Il para\u00eet toutes les six \u00e0 huit semaines et il est distribu\u00e9 dans les \u00e9coles aux 211 000 \u00e9l\u00e8ves du CP au CM2 de l&rsquo;acad\u00e9mie de Grenoble (Is\u00e8re, Savoie, Haute-Savoie, Dr\u00f4me et Ard\u00e8che) et \u00e0 leurs professeurs.<\/p>\n<p>&nbsp;<\/p>\n<h2 class=\"alignnone\"><strong><span style=\"color: #3366ff;\">Joujou Caillou Hibou<\/span><br \/>\n<\/strong><\/h2>\n<p><img loading=\"lazy\" decoding=\"async\" class=\"alignnone size-medium wp-image-1676\" src=\"http:\/\/apecroixluizet.net\/accueil\/wp-content\/uploads\/2017\/12\/ico-jeu-societe-1-300x131.jpg\" alt=\"\" width=\"300\" height=\"131\" srcset=\"http:\/\/apecroixluizet.net\/accueil\/wp-content\/uploads\/2017\/12\/ico-jeu-societe-1-300x131.jpg 300w, http:\/\/apecroixluizet.net\/accueil\/wp-content\/uploads\/2017\/12\/ico-jeu-societe-1-768x336.jpg 768w, http:\/\/apecroixluizet.net\/accueil\/wp-content\/uploads\/2017\/12\/ico-jeu-societe-1.jpg 800w\" sizes=\"auto, (max-width: 300px) 100vw, 300px\" \/> <a href=\"http:\/\/www.liberation.fr\/jeu-de-societe,100897\" target=\"_blank\" rel=\"noopener noreferrer\"><img loading=\"lazy\" decoding=\"async\" class=\"alignnone wp-image-733 size-full\" src=\"http:\/\/apecroixluizet.net\/accueil\/wp-content\/uploads\/2016\/10\/logo_liberation.jpg\" alt=\"logo_liberation\" width=\"124\" height=\"51\" \/><\/a><a href=\"http:\/\/www.liberation.fr\/jeu-de-societe,100897\" target=\"_blank\" rel=\"noopener\"><img loading=\"lazy\" decoding=\"async\" class=\"alignnone size-full wp-image-1677\" src=\"http:\/\/apecroixluizet.net\/accueil\/wp-content\/uploads\/2017\/12\/ico-lib\u00e9-miseaupion.jpg\" alt=\"\" width=\"251\" height=\"44\" \/><\/a><\/p>\n<p class=\"article-standfirst read-left-padding\"><strong>\u00abLib\u00e9ration\u00bb<\/strong> chronique deux fois par mois un jeu de soci\u00e9t\u00e9.<\/p>\n<ul>\n<li><a href=\"http:\/\/next.liberation.fr\/culture\/2017\/12\/20\/le-domaine-des-dominos_1617945\" target=\"_blank\" rel=\"noopener\">Le domaine des dominos<\/a><\/li>\n<li><a href=\"http:\/\/next.liberation.fr\/culture\/2017\/12\/13\/when-i-dream-un-mot-d-ordre-de-reve_1616164\" target=\"_blank\" rel=\"noopener\">\u00abWhen I Dream\u00bb, un mot d&rsquo;ordre de r\u00eave<\/a><\/li>\n<li><a href=\"http:\/\/next.liberation.fr\/culture\/2017\/12\/07\/quand-l-aventurier-du-rail-vous-fait-preferer-le-train-francais_1614817\" target=\"_blank\" rel=\"noopener\">Quand \u00abl&rsquo;Aventurier du rail\u00bb vous fait pr\u00e9f\u00e9rer le train fran\u00e7ais\u00a0<\/a><\/li>\n<li><a href=\"http:\/\/next.liberation.fr\/culture\/2017\/11\/22\/yamatai-du-japon-xxl_1607599\" target=\"_blank\" rel=\"noopener\">\u00abYamata\u00ef\u00bb, du Japon XXL<\/a><\/li>\n<li><a href=\"http:\/\/next.liberation.fr\/culture\/2017\/11\/08\/flamme-rouge-un-directeur-de-course-dans-la-musette_1602345\" target=\"_blank\" rel=\"noopener\">\u00abFlamme rouge\u00bb, un directeur de course dans la musette\u00a0<\/a><\/li>\n<\/ul>\n<p style=\"text-align: center;\"><a href=\"http:\/\/ptitlibe.liberation.fr\/jeux-de-societe,100892\" target=\"_blank\" rel=\"noopener\"><img loading=\"lazy\" decoding=\"async\" class=\"aligncenter wp-image-1680 size-thumbnail\" src=\"http:\/\/apecroixluizet.net\/accueil\/wp-content\/uploads\/2017\/12\/ico-ptitlib\u00e9-jeuxsoci\u00e9t\u00e9-150x150.jpg\" alt=\"\" width=\"150\" height=\"150\" \/><\/a><a href=\"http:\/\/ptitlibe.liberation.fr\/jeux-de-societe,100892\" target=\"_blank\" rel=\"noopener\"><em><strong>Le P&rsquo;tit Lib\u00e9 dit tout sur les jeux de Soci\u00e9t\u00e9.<\/strong><\/em><\/a><\/p>\n<p>&nbsp;<\/p>\n<h2 class=\"alignnone\" style=\"text-align: left;\"><strong><span style=\"color: #3366ff;\">Le Quartier<\/span><\/strong><\/h2>\n<p><a href=\"https:\/\/www.facebook.com\/Maison-sociale-de-Croix-Luizet-203250873343960\/\" target=\"_blank\" rel=\"noopener noreferrer\"><img loading=\"lazy\" decoding=\"async\" class=\"alignnone wp-image-795 size-full\" src=\"http:\/\/apecroixluizet.net\/accueil\/wp-content\/uploads\/2016\/11\/logo_maisoncroixluizet.png\" alt=\"logo_maisoncroixluizet\" width=\"365\" height=\"80\" srcset=\"http:\/\/apecroixluizet.net\/accueil\/wp-content\/uploads\/2016\/11\/logo_maisoncroixluizet.png 365w, http:\/\/apecroixluizet.net\/accueil\/wp-content\/uploads\/2016\/11\/logo_maisoncroixluizet-300x66.png 300w\" sizes=\"auto, (max-width: 365px) 100vw, 365px\" \/><\/a><br \/>\nLa Maison de Croix-Luizet est un lieu de vie qui prend en compte les demandes et les initiatives des usagers et des habitants pour le d\u00e9veloppement de la vie sociale. (<em>page Facebook<\/em>)<\/p>\n<p>&nbsp;<\/p>\n<p><a href=\"http:\/\/buerscroixluizet.fr\/\" target=\"_blank\" rel=\"noopener noreferrer\"><img loading=\"lazy\" decoding=\"async\" class=\"alignnone wp-image-579 size-medium\" src=\"http:\/\/apecroixluizet.net\/accueil\/wp-content\/uploads\/2016\/10\/logo_buerscroixluizet-300x68.jpg\" alt=\"logo_buerscroixluizet\" width=\"300\" height=\"68\" srcset=\"http:\/\/apecroixluizet.net\/accueil\/wp-content\/uploads\/2016\/10\/logo_buerscroixluizet-300x68.jpg 300w, http:\/\/apecroixluizet.net\/accueil\/wp-content\/uploads\/2016\/10\/logo_buerscroixluizet.jpg 509w\" sizes=\"auto, (max-width: 300px) 100vw, 300px\" \/><\/a><br \/>\nbuerscroixluizet.fr est un site d\u2019information anim\u00e9 par des structures et des habitants du quartier.<\/p>\n<p>&nbsp;<\/p>\n<p style=\"text-align: left;\"><a href=\"http:\/\/www.cco-villeurbanne.org\/\" target=\"_blank\" rel=\"noopener noreferrer\"><img loading=\"lazy\" decoding=\"async\" class=\"alignnone wp-image-580 size-full\" src=\"http:\/\/apecroixluizet.net\/accueil\/wp-content\/uploads\/2016\/10\/logo_CCO.png\" alt=\"logo_cco\" width=\"143\" height=\"87\" \/><\/a><br \/>\nLe CCO est un laboratoire d\u2019innovation sociale et culturelle ancr\u00e9 sur le territoire de l\u2019agglom\u00e9ration lyonnaise depuis 50 ans.V\u00e9ritable p\u00e9pini\u00e8re d\u2019initiatives collectives et de rencontres favorisant le dialogue interculturel.<br \/>\nLe CCO est aussi un lieu de vigilance et de d\u00e9bats, engag\u00e9 pour le respect des droits de l\u2019homme et l\u2019\u00e9gale dignit\u00e9 des personnes et des cultures.<\/p>\n<p>&nbsp;<\/p>\n<p><a href=\"http:\/\/wikilleurbanne.fr\/wakka.php?wiki=PagePrincipale\" target=\"_blank\" rel=\"noopener noreferrer\"><img loading=\"lazy\" decoding=\"async\" class=\"alignnone size-medium wp-image-1050\" src=\"http:\/\/apecroixluizet.net\/accueil\/wp-content\/uploads\/2016\/10\/logo_wiki-villeurbanne-300x34.jpg\" alt=\"\" width=\"300\" height=\"34\" srcset=\"http:\/\/apecroixluizet.net\/accueil\/wp-content\/uploads\/2016\/10\/logo_wiki-villeurbanne-300x34.jpg 300w, http:\/\/apecroixluizet.net\/accueil\/wp-content\/uploads\/2016\/10\/logo_wiki-villeurbanne.jpg 441w\" sizes=\"auto, (max-width: 300px) 100vw, 300px\" \/><\/a><br \/>\nLe Portail collaboratif des associations de Villeurbanne est un site \u00ab\u00a0wiki\u00a0\u00bb pour faciliter les \u00e9changes entre les associations et le grand public.<\/p>\n<p>&nbsp;<\/p>\n<h2 class=\"alignnone\"><span style=\"color: #3366ff;\"><strong>L&rsquo;\u00e9cole, pour qui ? pourquoi ? comment ?<\/strong><\/span><\/h2>\n<p><a href=\"http:\/\/www.onisep.fr\/Parents\/L-Ecole-expliquee-aux-parents-en-video\/L-entree-a-l-ecole-l-organisation-de-l-ecole-primaire\" target=\"_blank\" rel=\"noopener\"><img loading=\"lazy\" decoding=\"async\" class=\"alignnone size-medium wp-image-1620\" src=\"http:\/\/apecroixluizet.net\/accueil\/wp-content\/uploads\/2016\/10\/ico-onisep-ecoleparents-300x142.jpg\" alt=\"\" width=\"300\" height=\"142\" srcset=\"http:\/\/apecroixluizet.net\/accueil\/wp-content\/uploads\/2016\/10\/ico-onisep-ecoleparents-300x142.jpg 300w, http:\/\/apecroixluizet.net\/accueil\/wp-content\/uploads\/2016\/10\/ico-onisep-ecoleparents.jpg 639w\" sizes=\"auto, (max-width: 300px) 100vw, 300px\" \/><\/a><\/p>\n<p class=\"oni_upperTitle\"><strong>ONISEP<\/strong> &#8211; L&rsquo;\u00e9cole expliqu\u00e9e aux parents &#8211; L&rsquo;entr\u00e9e \u00e0 l&rsquo;\u00e9cole, l&rsquo;organisation de l&rsquo;\u00e9cole primaire<\/p>\n<p>&nbsp;<\/p>\n<h2 class=\"alignnone\" style=\"text-align: left;\"><span style=\"color: #3366ff;\"><strong>Internet , pour qui ? pourquoi ? comment ?<\/strong><br \/>\n<\/span><\/h2>\n<p>fff<\/p>\n<p><a href=\"https:\/\/www.qwantjunior.com\/?l=fr\" target=\"_blank\" rel=\"noopener noreferrer\"><img loading=\"lazy\" decoding=\"async\" class=\"alignnone wp-image-753 size-thumbnail\" src=\"http:\/\/apecroixluizet.net\/accueil\/wp-content\/uploads\/2016\/10\/logo_qwantjunior-150x150.jpg\" alt=\"logo_qwantjunior\" width=\"150\" height=\"150\" srcset=\"http:\/\/apecroixluizet.net\/accueil\/wp-content\/uploads\/2016\/10\/logo_qwantjunior-150x150.jpg 150w, http:\/\/apecroixluizet.net\/accueil\/wp-content\/uploads\/2016\/10\/logo_qwantjunior-230x230.jpg 230w\" sizes=\"auto, (max-width: 150px) 100vw, 150px\" \/><\/a><strong><br \/>\nQwant Junior<\/strong> est un moteur de recherche destin\u00e9 \u00e0 la jeunesse bas\u00e9 sur la philosophie de Qwant.com : le respect de la vie priv\u00e9e des internautes .<\/p>\n<p>&nbsp;<\/p>\n<p><a href=\"http:\/\/fr.vikidia.org\" target=\"_blank\" rel=\"noopener noreferrer\"><img loading=\"lazy\" decoding=\"async\" class=\"alignnone wp-image-754 size-full\" src=\"http:\/\/apecroixluizet.net\/accueil\/wp-content\/uploads\/2016\/10\/logo_vikidia.jpg\" alt=\"logo_vikidia\" width=\"151\" height=\"90\" srcset=\"http:\/\/apecroixluizet.net\/accueil\/wp-content\/uploads\/2016\/10\/logo_vikidia.jpg 151w, http:\/\/apecroixluizet.net\/accueil\/wp-content\/uploads\/2016\/10\/logo_vikidia-150x90.jpg 150w\" sizes=\"auto, (max-width: 151px) 100vw, 151px\" \/><\/a><br \/>\n<strong>Vikidia<\/strong> est une encyclop\u00e9die junior en fran\u00e7ais, en wiki, pour des lecteurs \u00e2g\u00e9s de 8 \u00e0 13 ans <strong>et tous ceux qui veulent une pr\u00e9sentation simple d&rsquo;un sujet<\/strong>. Elle est en train d&rsquo;\u00eatre \u00e9crite et am\u00e9lior\u00e9e, et chacun, <em>quel que soit son \u00e2ge<\/em>, peut y participer. Cette encyclop\u00e9die a 9 ans !<\/p>\n<p>&nbsp;<\/p>\n<p><a href=\"http:\/\/www.internetsanscrainte.fr\/\" target=\"_blank\" rel=\"noopener noreferrer\"><img loading=\"lazy\" decoding=\"async\" class=\"alignnone wp-image-583 size-full\" src=\"http:\/\/apecroixluizet.net\/accueil\/wp-content\/uploads\/2016\/10\/logo_internet-sans-crainte.png\" alt=\"logo_internet-sans-crainte\" width=\"88\" height=\"72\" \/><\/a><br \/>\nInternet Sans Crainte est le programme national de sensibilisation des jeunes aux risques et enjeux de l\u2019Internet. Il s\u2019inscrit dans le programme <a href=\"http:\/\/www.saferinternet.fr\/\" target=\"_blank\" rel=\"noopener noreferrer\">Safer Internet de la Commission europ\u00e9enne<\/a>, qui regroupe 31 pays europ\u00e9ens au sein du r\u00e9seau Insafe.<\/p>\n<p>&nbsp;<\/p>\n<p><a href=\"https:\/\/www.permisinternet.fr\/\" target=\"_blank\" rel=\"noopener noreferrer\"><img loading=\"lazy\" decoding=\"async\" class=\"alignnone wp-image-587\" src=\"http:\/\/apecroixluizet.net\/accueil\/wp-content\/uploads\/2016\/10\/logo_permisinternet-300x218.jpg\" alt=\"logo_permisinternet\" width=\"120\" height=\"87\" srcset=\"http:\/\/apecroixluizet.net\/accueil\/wp-content\/uploads\/2016\/10\/logo_permisinternet-300x218.jpg 300w, http:\/\/apecroixluizet.net\/accueil\/wp-content\/uploads\/2016\/10\/logo_permisinternet.jpg 411w\" sizes=\"auto, (max-width: 120px) 100vw, 120px\" \/><\/a><span style=\"color: #339966;\"><span style=\"color: #333333;\"><br \/>\nLe \u00ab Permis Internet pour les enfants \u00bb est un programme national de pr\u00e9vention pour un usage d\u2019Internet vigilant, s\u00fbr et responsable \u00e0 l\u2019attention des enfants de CM2 et de leurs parents.<\/span><\/span><\/p>\n<p>&nbsp;<\/p>\n<h2 class=\"alignnone\"><span style=\"color: #3366ff;\"><strong>Ta vie priv\u00e9e, c&rsquo;est secret !<br \/>\n<\/strong><\/span><\/h2>\n<p><a href=\"https:\/\/www.educnum.fr\/\" target=\"_blank\" rel=\"noopener\"><img loading=\"lazy\" decoding=\"async\" class=\"alignnone size-medium wp-image-1621\" src=\"http:\/\/apecroixluizet.net\/accueil\/wp-content\/uploads\/2016\/10\/ico-educnum-300x62.jpg\" alt=\"\" width=\"300\" height=\"62\" srcset=\"http:\/\/apecroixluizet.net\/accueil\/wp-content\/uploads\/2016\/10\/ico-educnum-300x62.jpg 300w, http:\/\/apecroixluizet.net\/accueil\/wp-content\/uploads\/2016\/10\/ico-educnum.jpg 473w\" sizes=\"auto, (max-width: 300px) 100vw, 300px\" \/><\/a><\/p>\n<p>Une \u00c9ducation Num\u00e9rique pour Tous. Le site educnum.fr est \u00e9dit\u00e9 par la Commission Nationale de L&rsquo;informatique et des Libert\u00e9s (CNIL)<\/p>\n<p>La CNIL a initi\u00e9, en mai 2013, un Collectif d\u2019acteurs tr\u00e8s divers \u2013 issus du monde de l\u2019\u00e9ducation, de la recherche, de l\u2019\u00e9conomie num\u00e9rique, de la soci\u00e9t\u00e9 civile, de Fondations d\u2019entreprises et d\u2019autres institutions \u2013 pour porter et soutenir des actions visant \u00e0 promouvoir une v\u00e9ritable \u00ab culture citoyenne du num\u00e9rique \u00bb.<\/p>\n<p>&nbsp;<\/p>\n<p><a href=\"https:\/\/www.youtube.com\/watch?v=U7xOBOnQ0G4\" target=\"_blank\" rel=\"noopener\"><img loading=\"lazy\" decoding=\"async\" class=\"alignnone size-medium wp-image-1622\" src=\"http:\/\/apecroixluizet.net\/accueil\/wp-content\/uploads\/2016\/10\/ico-vieprivee-youtube-rirejaune-300x216.jpg\" alt=\"\" width=\"300\" height=\"216\" srcset=\"http:\/\/apecroixluizet.net\/accueil\/wp-content\/uploads\/2016\/10\/ico-vieprivee-youtube-rirejaune-300x216.jpg 300w, http:\/\/apecroixluizet.net\/accueil\/wp-content\/uploads\/2016\/10\/ico-vieprivee-youtube-rirejaune-768x553.jpg 768w, http:\/\/apecroixluizet.net\/accueil\/wp-content\/uploads\/2016\/10\/ico-vieprivee-youtube-rirejaune.jpg 897w\" sizes=\"auto, (max-width: 300px) 100vw, 300px\" \/><\/a><\/p>\n<p>Cette vid\u00e9o est en partenariat avec la CNIL et la MGEN :elle aborde ce th\u00e8me de la protection des donn\u00e9es personnelles avec eux car je sais qu&rsquo;une partie de mon public est encore assez jeune et peut facilement \u00eatre victime de personnes mal intentionn\u00e9es sur la toile. Par ailleurs, certains parents ne connaissent pas non plus les d\u00e9rives que peuvent contenir les r\u00e9seaux sociaux, et l&rsquo;effet terriblement n\u00e9faste que cela peut avoir sur la vie de leur enfant. Cette vid\u00e9o a donc pour but d&rsquo;instruire avec humour, mais n&rsquo;expose que quelques pr\u00e9cautions de base : si vous voulez en savoir un peu plus, voici de la documentation suppl\u00e9mentaire ci-dessous \ud83d\ude09<\/p>\n<p style=\"text-align: right;\"><span style=\"color: #3366ff;\"><em>c&rsquo;est tout pour aujourd&rsquo;hui !<\/em><\/span><\/p>\n","protected":false},"excerpt":{"rendered":"<p>Sur cette page vous trouverez des liens pour les enfants, leur famille et encore mieux &#8230; pour tous ! Des liens vers des sites qui vont au-del\u00e0 de l&rsquo;univers scolaire mais qui offrent de la curiosit\u00e9, des regards et des<\/p>\n","protected":false},"author":1,"featured_media":0,"parent":0,"menu_order":0,"comment_status":"closed","ping_status":"closed","template":"","meta":{"footnotes":""},"class_list":["post-597","page","type-page","status-publish","hentry"],"post_mailing_queue_ids":[],"_links":{"self":[{"href":"http:\/\/apecroixluizet.net\/accueil\/wp-json\/wp\/v2\/pages\/597","targetHints":{"allow":["GET"]}}],"collection":[{"href":"http:\/\/apecroixluizet.net\/accueil\/wp-json\/wp\/v2\/pages"}],"about":[{"href":"http:\/\/apecroixluizet.net\/accueil\/wp-json\/wp\/v2\/types\/page"}],"author":[{"embeddable":true,"href":"http:\/\/apecroixluizet.net\/accueil\/wp-json\/wp\/v2\/users\/1"}],"replies":[{"embeddable":true,"href":"http:\/\/apecroixluizet.net\/accueil\/wp-json\/wp\/v2\/comments?post=597"}],"version-history":[{"count":61,"href":"http:\/\/apecroixluizet.net\/accueil\/wp-json\/wp\/v2\/pages\/597\/revisions"}],"predecessor-version":[{"id":1918,"href":"http:\/\/apecroixluizet.net\/accueil\/wp-json\/wp\/v2\/pages\/597\/revisions\/1918"}],"wp:attachment":[{"href":"http:\/\/apecroixluizet.net\/accueil\/wp-json\/wp\/v2\/media?parent=597"}],"curies":[{"name":"wp","href":"https:\/\/api.w.org\/{rel}","templated":true}]}}