{"id":54,"date":"2013-12-24T18:56:48","date_gmt":"2013-12-24T17:56:48","guid":{"rendered":"http:\/\/apecroixluizet.net\/accueil\/?page_id=54"},"modified":"2020-12-11T15:49:43","modified_gmt":"2020-12-11T14:49:43","slug":"informations-pratiques","status":"publish","type":"page","link":"http:\/\/apecroixluizet.net\/accueil\/informations-pratiques\/","title":{"rendered":"Contacts"},"content":{"rendered":"<p>Voici les coordonn\u00e9es pour joindre l&rsquo;association des parents d&rsquo;\u00e9l\u00e8ves de l&rsquo;\u00e9cole Croix Luizet (l&rsquo;APE), ainsi que les contacts importants des \u00e9coles maternelle et \u00e9l\u00e9mentaire.<\/p>\n<p><strong><span style=\"color: #3366ff;\">Pour joindre l&rsquo;association des parents d&rsquo;\u00e9l\u00e8ves une adresse \u00e9lectronique est a votre disposition.<\/span><br \/>\n<span style=\"color: #3366ff;\"><span style=\"color: #000000;\">Email de l&rsquo;APE :<\/span>\u00a0<\/span><\/strong><strong><a href=\"mailto:ape.croixluizet@gmail.com\" target=\"_blank\" rel=\"noopener noreferrer\">ape.croixluizet@gmail.com<\/a><\/strong><\/p>\n<p>_<\/p>\n<p><strong><span style=\"color: #000000;\">Pour conna\u00eetre les parents r\u00e9f\u00e9rents de la classe de vos enfants, rendez-vous sur la page : <\/span><br \/>\n<a href=\"http:\/\/apecroixluizet.net\/accueil\/les-representants-de-parents-deleves\/\">Les repr\u00e9sentants des parents d&rsquo;\u00e9l\u00e8ves<\/a><\/strong>.<\/p>\n<p>_<\/p>\n<p><span style=\"color: #3366ff;\"><strong>La Directrice de la Maternelle : <\/strong><\/span><span style=\"color: #333333;\"><strong>Mme Karine BESSON<br \/>\n<\/strong><\/span>T\u00e9l : 04 78 17 35 51<br \/>\nMail : <a href=\"mailto:0691202g@ac-lyon.fr\" target=\"_blank\" rel=\"noopener noreferrer\">0691202g@ac-lyon.fr<\/a> <span id=\"OBJ_PREFIX_DWT743_com_zimbra_email\" class=\"Object\"><\/span><\/p>\n<p><span style=\"color: #3366ff;\"><strong>La Directrice de l\u2019\u00e9cole \u00c9l\u00e9mentaire : <\/strong><\/span><span style=\"color: #333333;\"><strong>Mme Sandrine FROMENT<br \/>\n<\/strong><\/span>T\u00e9l : 04 78 17 35 50<br \/>\nMail : <span id=\"OBJ_PREFIX_DWT743_com_zimbra_email\" class=\"Object\"><a class=\"moz-txt-link-abbreviated\" href=\"mailto:ce.0693676w@ac-lyon.fr\" target=\"_blank\" rel=\"noopener noreferrer\">ce.0693676w@ac-lyon.fr<\/a><\/span><\/p>\n<p><span style=\"color: #3366ff;\"><strong>Inspectrice de l\u2019Education Nationale : <\/strong><\/span><span style=\"color: #000000;\"><strong>Mme FACCHI<br \/>\n<\/strong><\/span>T\u00e9l : 04 78 89 69 13<br \/>\nMail : <a href=\"mailto:ce.0690269t@ac-lyon.fr\" target=\"_top\" rel=\"noopener noreferrer\">ce.0690269t@ac-lyon.fr<\/a><\/p>\n<p><span style=\"color: #3366ff;\"><strong>Direction de l&rsquo;\u00e9ducation Mairie de Villeurbanne : <\/strong><\/span><span style=\"color: #000000;\"><strong>M. DEJEAN<br \/>\n<\/strong><\/span>T\u00e9l : 04 78 03 68 64<\/p>\n<p style=\"text-align: left;\">_<\/p>\n<p>Vous chercher des informations sur\u00a0:<br \/>\n<a href=\"http:\/\/apecroixluizet.net\/accueil\/R.A.S.E.D\/\">le dispositif R.A.S.E.D<\/a><\/p>\n","protected":false},"excerpt":{"rendered":"<p>Voici les coordonn\u00e9es pour joindre l&rsquo;association des parents d&rsquo;\u00e9l\u00e8ves de l&rsquo;\u00e9cole Croix Luizet (l&rsquo;APE), ainsi que les contacts importants des \u00e9coles maternelle et \u00e9l\u00e9mentaire. Pour joindre l&rsquo;association des parents d&rsquo;\u00e9l\u00e8ves une adresse \u00e9lectronique est a votre disposition. Email de l&rsquo;APE<\/p>\n","protected":false},"author":1,"featured_media":0,"parent":0,"menu_order":0,"comment_status":"closed","ping_status":"closed","template":"","meta":{"footnotes":""},"class_list":["post-54","page","type-page","status-publish","hentry"],"post_mailing_queue_ids":[],"_links":{"self":[{"href":"http:\/\/apecroixluizet.net\/accueil\/wp-json\/wp\/v2\/pages\/54","targetHints":{"allow":["GET"]}}],"collection":[{"href":"http:\/\/apecroixluizet.net\/accueil\/wp-json\/wp\/v2\/pages"}],"about":[{"href":"http:\/\/apecroixluizet.net\/accueil\/wp-json\/wp\/v2\/types\/page"}],"author":[{"embeddable":true,"href":"http:\/\/apecroixluizet.net\/accueil\/wp-json\/wp\/v2\/users\/1"}],"replies":[{"embeddable":true,"href":"http:\/\/apecroixluizet.net\/accueil\/wp-json\/wp\/v2\/comments?post=54"}],"version-history":[{"count":31,"href":"http:\/\/apecroixluizet.net\/accueil\/wp-json\/wp\/v2\/pages\/54\/revisions"}],"predecessor-version":[{"id":2445,"href":"http:\/\/apecroixluizet.net\/accueil\/wp-json\/wp\/v2\/pages\/54\/revisions\/2445"}],"wp:attachment":[{"href":"http:\/\/apecroixluizet.net\/accueil\/wp-json\/wp\/v2\/media?parent=54"}],"curies":[{"name":"wp","href":"https:\/\/api.w.org\/{rel}","templated":true}]}}