{"id":51,"date":"2013-12-24T18:56:03","date_gmt":"2013-12-24T17:56:03","guid":{"rendered":"http:\/\/apecroixluizet.net\/accueil\/?page_id=51"},"modified":"2020-12-15T22:31:29","modified_gmt":"2020-12-15T21:31:29","slug":"la-cantine","status":"publish","type":"page","link":"http:\/\/apecroixluizet.net\/accueil\/la-cantine\/","title":{"rendered":"Restauration &#038; P\u00e9riscolaire"},"content":{"rendered":"<h3 style=\"text-align: left;\"><span style=\"color: #800000;\"><span style=\"color: #0693e3;\">La Cantine<\/span><br \/><\/span><\/h3>\n<p><strong>Les menus de la cantine<\/strong> sont disponibles sur <a href=\"https:\/\/www.villeurbanne.fr\/mon-quotidien\/mes-enfants\/scolarite-periscolaire\/restauration\">le site de la mairie de Villeurbanne<\/a>.<a href=\"http:\/\/www.mairie-villeurbanne.fr\/menu_scolaire.pdf\" target=\"_blank\" rel=\"noopener noreferrer\" data-wp-editing=\"1\"><br \/><\/a><\/p>\n<p>Si vous souhaitez <strong>annuler un repas<\/strong> ou <strong>inscrire votre enfant \u00e0 la cantine<\/strong> rendez-vous sur le site <a href=\"https:\/\/villeurbanne.kiosquefamille.fr\/\">KID Espace Famille<\/a>.<\/p>\n<p><span style=\"font-size: inherit;\">Pour joindre le <strong>Service Restauration Scolaire<\/strong> :<br \/><\/span><span style=\"font-size: inherit; color: #000000;\"><strong>Fanny MARTEL &#8211; 04 78 03 67 57<\/strong><\/span><\/p>\n<h3>\u00a0<\/h3>\n<h3 style=\"text-align: left;\"><span style=\"color: #0693e3;\">Les Commissions de Restauration Scolaire <\/span><\/h3>\n<p style=\"text-align: left;\">Objectifs et Organisation : voir la <strong><a href=\"http:\/\/apecroixluizet.net\/accueil\/wp-content\/uploads\/2016\/10\/20160929-commission-restauration-objectifsorganisation.pdf\" target=\"_blank\" rel=\"noopener noreferrer\">pr\u00e9sentation du 29\/09\/2016<\/a><\/strong><\/p>\n<p style=\"text-align: left;\"><span style=\"color: #800080;\">Cette commission permet de rassembler tous les acteurs (proches ou plus \u00e9loign\u00e9s) de la pause m\u00e9ridienne.<\/span><\/p>\n<p style=\"text-align: left;\"><span style=\"color: #800080;\">Ainsi c\u2019est un rare, mais toujours riche, temps d\u2019\u00e9change entre les directeurs d\u2019\u00e9tablissements, les repr\u00e9sentants de parents d\u2019\u00e9l\u00e8ves, les \u00e9l\u00e8ves (sur celles qui suivront), les agents de restauration (Responsable de cuisine, ATSEM), les responsable de secteurs, les responsables du p\u00e9riscolaire et les responsable de la cuisine centrale.<\/span><\/p>\n\n\n<div class=\"wp-block-columns is-layout-flex wp-container-core-columns-is-layout-9d6595d7 wp-block-columns-is-layout-flex\">\n<div class=\"wp-block-column is-layout-flow wp-block-column-is-layout-flow\">\n<p>Ann\u00e9e scolaire <strong>2020-2021<\/strong><\/p>\n\n\n\n<ul class=\"wp-block-list\"><li>09\/12\/2020 : <a href=\"http:\/\/apecroixluizet.net\/accueil\/wp-content\/uploads\/2020\/12\/2020DRM_CR_com-menu-dec.pdf\">compte-rendu<\/a><\/li><\/ul>\n\n\n\n<p>Ann\u00e9e scolaire <strong>2018-2019<\/strong><\/p>\n\n\n\n<ul class=\"wp-block-list\"><li>28\/09\/2018 : <a href=\"http:\/\/apecroixluizet.net\/accueil\/wp-content\/uploads\/2018\/10\/2018DRM_CR_com-menu-sept.pdf\" target=\"_blank\" rel=\"noreferrer noopener\">compte-rendu<\/a><\/li><li>01\/02\/2019 : <a href=\"http:\/\/apecroixluizet.net\/accueil\/wp-content\/uploads\/2019\/02\/2019DRM_CR_com-menu-fev.pdf\" target=\"_blank\" rel=\"noreferrer noopener\">compte-rendu<\/a><\/li><\/ul>\n\n\n\n<p>Ann\u00e9e scolaire <strong>2017-2018<\/strong><\/p>\n\n\n\n<ul class=\"wp-block-list\"><li>25\/06\/2018 : <a href=\"http:\/\/apecroixluizet.net\/accueil\/wp-content\/uploads\/2018\/07\/20180625-commission-restauration-cr.pdf\" target=\"_blank\" rel=\"noreferrer noopener\">compte-rendu<\/a><\/li><li>29\/03\/2018 : <a href=\"http:\/\/apecroixluizet.net\/accueil\/wp-content\/uploads\/2018\/04\/20180329-commission-restauration-cr.pdf\" target=\"_blank\" rel=\"noreferrer noopener\">compte-rendu<\/a><\/li><li>26\/02\/2018 : <em><a href=\"http:\/\/apecroixluizet.net\/accueil\/wp-content\/uploads\/2018\/04\/20180226-commission-restauration-cr.pdf\" target=\"_blank\" rel=\"noreferrer noopener\">compte-rendu<\/a><\/em><\/li><li>14\/12\/2017 : <a href=\"http:\/\/apecroixluizet.net\/accueil\/wp-content\/uploads\/2018\/01\/20171214-commission-restauration-cr.pdf\" target=\"_blank\" rel=\"noreferrer noopener\"><em>compte-rendu<\/em><\/a><\/li><li>28\/09\/2017 : <em><a href=\"http:\/\/apecroixluizet.net\/accueil\/wp-content\/uploads\/2013\/12\/20170928-commission-restauration-cr.pdf\" target=\"_blank\" rel=\"noreferrer noopener\">compte-rendu<\/a><\/em><\/li><\/ul>\n<\/div>\n\n\n\n<div class=\"wp-block-column is-layout-flow wp-block-column-is-layout-flow\">\n<p>Ann\u00e9e scolaire <strong>2016-2017<\/strong><\/p>\n\n\n\n<ul class=\"wp-block-list\"><li>08\/06\/2017 : <a href=\"http:\/\/apecroixluizet.net\/accueil\/wp-content\/uploads\/2013\/12\/20170608-commission-restauration-cr.pdf\" target=\"_blank\" rel=\"noreferrer noopener\">compte-rendu<\/a><\/li><li>06\/04\/2017 : <a href=\"http:\/\/apecroixluizet.net\/accueil\/wp-content\/uploads\/2013\/12\/20170406-commission-restauration-cr.pdf\" target=\"_blank\" rel=\"noreferrer noopener\">compte-rendu<\/a><\/li><li>26\/01\/2017 : <a href=\"http:\/\/apecroixluizet.net\/accueil\/wp-content\/uploads\/2013\/12\/20170126-commission-restauration-cr.pdf\" target=\"_blank\" rel=\"noreferrer noopener\">compte-rendu<\/a><\/li><li>08\/12\/2016 : <a href=\"http:\/\/apecroixluizet.net\/accueil\/wp-content\/uploads\/2013\/12\/20161208-commission-restauration-cr.pdf\" target=\"_blank\" rel=\"noreferrer noopener\">compte-rendu<\/a><\/li><li>29\/09\/2016 <a href=\"http:\/\/apecroixluizet.net\/accueil\/wp-content\/uploads\/2016\/10\/20160929-commission-restauration-cr.pdf\" target=\"_blank\" rel=\"noreferrer noopener\">compte-rendu<\/a><\/li><\/ul>\n\n\n\n<p>Ann\u00e9e scolaire <strong>2015-2016<\/strong><\/p>\n\n\n\n<ul class=\"wp-block-list\"><li>25\/01\/2016 <a href=\"http:\/\/apecroixluizet.net\/accueil\/wp-content\/uploads\/2013\/12\/20160125-commission-restauration-cr.pdf\" target=\"_blank\" rel=\"noreferrer noopener\">compte-rendu<\/a><\/li><li>21\/03\/2016 <a href=\"http:\/\/apecroixluizet.net\/accueil\/wp-content\/uploads\/2013\/12\/20160321-commission-restauration-cr.pdf\" target=\"_blank\" rel=\"noreferrer noopener\">compte-rendu<\/a><\/li><li>06\/06\/2016 <a href=\"http:\/\/apecroixluizet.net\/accueil\/wp-content\/uploads\/2013\/12\/20160606-commission-restauration-cr.pdf\" target=\"_blank\" rel=\"noreferrer noopener\">compte-rendu<\/a><\/li><\/ul>\n<\/div>\n<\/div>\n\n\n\n<h3 class=\"wp-block-heading\"><span class=\"has-inline-color has-vivid-cyan-blue-color\">Le P\u00e9riscolaire<\/span><\/h3>\n\n\n\n<p>Toutes les informations et le dossier d&rsquo;inscription pour le p\u00e9riscolaire sont sur le site <a href=\"https:\/\/villeurbanne.kiosquefamille.fr\/\">KID Espace Famille<\/a> (comme pour les repas).<\/p>\n\n\n\n<p>Pour tous renseignements vous pouvez contacter :<\/p>\n\n\n\n<ul class=\"wp-block-list\"><li><strong>M. LACOMBRE &#8211; le coordinateur pour le groupe scolaire Croix-Luizet<\/strong><\/li><li>Courriel : perisco.luizet@mairie-Villeurbanne.fr<\/li><li>T\u00e9l\u00e9phone : 07 85 33 58 06<\/li><\/ul>\n\n\n\n<p>ou<\/p>\n\n\n\n<ul class=\"wp-block-list\"><li><strong>M. HAMADACHE &#8211; Responsable p\u00e9riscolaire Secteur Centre Nord<\/strong><\/li><li>Courriel : rachid.hamadache@mairie-villeurbanne.fr<\/li><li>T\u00e9l\u00e9phone : 06 74 71 53 99<\/li><\/ul>\n","protected":false},"excerpt":{"rendered":"<p>La Cantine Les menus de la cantine sont disponibles sur le site de la mairie de Villeurbanne. Si vous souhaitez annuler un repas ou inscrire votre enfant \u00e0 la cantine rendez-vous sur le site KID Espace Famille. Pour joindre le<\/p>\n","protected":false},"author":1,"featured_media":0,"parent":0,"menu_order":0,"comment_status":"closed","ping_status":"closed","template":"","meta":{"footnotes":""},"class_list":["post-51","page","type-page","status-publish","hentry"],"post_mailing_queue_ids":[],"_links":{"self":[{"href":"http:\/\/apecroixluizet.net\/accueil\/wp-json\/wp\/v2\/pages\/51","targetHints":{"allow":["GET"]}}],"collection":[{"href":"http:\/\/apecroixluizet.net\/accueil\/wp-json\/wp\/v2\/pages"}],"about":[{"href":"http:\/\/apecroixluizet.net\/accueil\/wp-json\/wp\/v2\/types\/page"}],"author":[{"embeddable":true,"href":"http:\/\/apecroixluizet.net\/accueil\/wp-json\/wp\/v2\/users\/1"}],"replies":[{"embeddable":true,"href":"http:\/\/apecroixluizet.net\/accueil\/wp-json\/wp\/v2\/comments?post=51"}],"version-history":[{"count":53,"href":"http:\/\/apecroixluizet.net\/accueil\/wp-json\/wp\/v2\/pages\/51\/revisions"}],"predecessor-version":[{"id":2453,"href":"http:\/\/apecroixluizet.net\/accueil\/wp-json\/wp\/v2\/pages\/51\/revisions\/2453"}],"wp:attachment":[{"href":"http:\/\/apecroixluizet.net\/accueil\/wp-json\/wp\/v2\/media?parent=51"}],"curies":[{"name":"wp","href":"https:\/\/api.w.org\/{rel}","templated":true}]}}