{"id":40,"date":"2013-12-23T21:49:25","date_gmt":"2013-12-23T20:49:25","guid":{"rendered":"http:\/\/apecroixluizet.net\/accueil\/?page_id=40"},"modified":"2020-12-10T21:40:43","modified_gmt":"2020-12-10T20:40:43","slug":"le-groupe-scolaire","status":"publish","type":"page","link":"http:\/\/apecroixluizet.net\/accueil\/le-groupe-scolaire\/","title":{"rendered":"Le Groupe Scolaire"},"content":{"rendered":"<p align=\"JUSTIFY\"><span style=\"color: #0000ff;\"><strong>Le groupe scolaire Croix Luizet<\/strong><\/span> se situe 14\/16 rue Armand pour l\u2019\u00e9cole El\u00e9mentaire et au 18 rue Armand pour l\u2019\u00e9cole Maternelle.<\/p>\n<p>Il est compos\u00e9 de deux \u00e9coles distinctes\u00a0: une <a href=\"http:\/\/apecroixluizet.net\/accueil\/ecole-maternelle\/\">Maternelle<\/a> et une <a href=\"http:\/\/apecroixluizet.net\/accueil\/ecole-elementaire\/\">El\u00e9mentaire<\/a>.<\/p>\n<p>Il b\u00e9n\u00e9ficie du dispositif <a href=\"http:\/\/apecroixluizet.net\/accueil\/en-pratique\/r-a-s-e-d\/\">RASED<\/a> (R\u00e9seau d\u2019Aide Sp\u00e9cialis\u00e9e aux Enfants en Difficult\u00e9) et d\u2019activit\u00e9s USEP (Union Sportive de l\u2019Enseignement du Premier Degr\u00e9) pour les activit\u00e9s p\u00e9riscolaires du soir et du mercredi apr\u00e8s-midi.<\/p>\n<p>Il existe un service de M\u00e9decin Scolaire avec un m\u00e9decin et une infirmi\u00e8re scolaire.<\/p>\n<p align=\"JUSTIFY\">L\u2019\u00e9cole fonctionne les <span style=\"color: #800080;\">Lundis, Mardis, Jeudis et Vendredis de 8h30 \u00e0 11h50 et de 14h \u00e0 15h50 et les Mercredis de 8h30 \u00e0 11h50<\/span><\/p>\n<p align=\"JUSTIFY\">L\u2019accueil p\u00e9riscolaire est organis\u00e9 par la Mairie sur <span style=\"color: #800080;\">le temps de midi (restauration scolaire) et le soir de 15h50 \u00e0 17h ou de 15h50 \u00e0 18h (pas de gratuit\u00e9)<\/span><\/p>\n<p>Si vous souhaitez que votre enfant soit accueilli dans l&rsquo;\u00e9cole pendant le temps p\u00e9riscolaire, il est imp\u00e9ratif de remplir un dossier aupr\u00e8s de la mairie.<\/p>\n<p align=\"JUSTIFY\">Un gardien est, en principe, pr\u00e9sent sur place\u00a0:<\/p>\n<ul>\n<li><span id=\"OBJ_PREFIX_DWT116_com_zimbra_date\" class=\"Object\">lundi<\/span>, <span id=\"OBJ_PREFIX_DWT117_com_zimbra_date\" class=\"Object\">mardi<\/span>, <span id=\"OBJ_PREFIX_DWT118_com_zimbra_date\" class=\"Object\">jeudi<\/span>, <span id=\"OBJ_PREFIX_DWT119_com_zimbra_date\" class=\"Object\">vendredi<\/span> de : <span style=\"color: #800080;\">6h20 \u00e0 10h15 et de 14h45 \u00e0 18h20,<\/span><\/li>\n<li><span id=\"OBJ_PREFIX_DWT120_com_zimbra_date\" class=\"Object\">mercredi<\/span> de : <span style=\"color: #800080;\">6h20 \u00e0 11h50 et de 14h \u00e0 17h30<\/span><\/li>\n<\/ul>\n<p align=\"JUSTIFY\">L\u2019ensemble du groupe scolaire fait partie de la <span style=\"color: #800080;\">circonscription Villeurbanne 1<\/span> et d\u00e9pend de l\u2019Inspectrice de l\u2019\u00c9ducation Nationale, Mme FACCHI (04 78 89 69 13 ou <span style=\"color: #0000ff;\"><span style=\"text-decoration: underline;\"><a href=\"mailto:ce.0690269t@ac-lyon.fr\" target=\"_top\" rel=\"noopener noreferrer\">ce.0690269t@ac-lyon.fr<\/a><\/span><\/span>)<\/p>\n<p align=\"JUSTIFY\">Le repr\u00e9sentant de la Mairie pour le groupe scolaire est Mme THOUVENOT et sa suppl\u00e9ante est Mme BLANC.<\/p>\n<h3><\/h3>\n<h3>Num\u00e9ros utiles :<\/h3>\n<p align=\"JUSTIFY\"><span style=\"color: #0000ff;\">Direction de l&rsquo;\u00e9ducation Mairie de Villeurbanne<\/span><\/p>\n<ul>\n<li>M. DEJEAN : 04 78 03 68 64<\/li>\n<\/ul>\n<p align=\"JUSTIFY\"><span style=\"color: #0000ff;\">Service Restauration Scolaire<\/span><\/p>\n<ul>\n<li>Mme VUILLET : 04 78 03 67 72<\/li>\n<\/ul>\n<p><span style=\"color: #0000ff;\">Coordonnateur P\u00e9riscolaire (pour le temps m\u00e9ridien et les activit\u00e9s du soir)<\/span><\/p>\n<ul>\n<li>M. Julien LACOMBRE : 07 85 33 58 06.<\/li>\n<li>Il est sur place le <strong><span id=\"OBJ_PREFIX_DWT121_com_zimbra_date\" class=\"Object\">lundi<\/span><\/strong>, <strong><span id=\"OBJ_PREFIX_DWT122_com_zimbra_date\" class=\"Object\">mardi<\/span><\/strong>, <strong><span id=\"OBJ_PREFIX_DWT123_com_zimbra_date\" class=\"Object\">jeudi<\/span><\/strong>, <strong><span id=\"OBJ_PREFIX_DWT124_com_zimbra_date\" class=\"Object\">vendredi<\/span><\/strong> de <strong>9h \u00e0 14h<\/strong> et de <strong>15h30 \u00e0 18h<\/strong>, le <span id=\"OBJ_PREFIX_DWT125_com_zimbra_date\" class=\"Object\">mercredi<\/span> en horaires variables.<\/li>\n<\/ul>\n","protected":false},"excerpt":{"rendered":"<p>Le groupe scolaire Croix Luizet se situe 14\/16 rue Armand pour l\u2019\u00e9cole El\u00e9mentaire et au 18 rue Armand pour l\u2019\u00e9cole Maternelle. Il est compos\u00e9 de deux \u00e9coles distinctes\u00a0: une Maternelle et une El\u00e9mentaire. Il b\u00e9n\u00e9ficie du dispositif RASED (R\u00e9seau d\u2019Aide<\/p>\n","protected":false},"author":1,"featured_media":0,"parent":0,"menu_order":0,"comment_status":"closed","ping_status":"closed","template":"","meta":{"footnotes":""},"class_list":["post-40","page","type-page","status-publish","hentry"],"post_mailing_queue_ids":[],"_links":{"self":[{"href":"http:\/\/apecroixluizet.net\/accueil\/wp-json\/wp\/v2\/pages\/40","targetHints":{"allow":["GET"]}}],"collection":[{"href":"http:\/\/apecroixluizet.net\/accueil\/wp-json\/wp\/v2\/pages"}],"about":[{"href":"http:\/\/apecroixluizet.net\/accueil\/wp-json\/wp\/v2\/types\/page"}],"author":[{"embeddable":true,"href":"http:\/\/apecroixluizet.net\/accueil\/wp-json\/wp\/v2\/users\/1"}],"replies":[{"embeddable":true,"href":"http:\/\/apecroixluizet.net\/accueil\/wp-json\/wp\/v2\/comments?post=40"}],"version-history":[{"count":14,"href":"http:\/\/apecroixluizet.net\/accueil\/wp-json\/wp\/v2\/pages\/40\/revisions"}],"predecessor-version":[{"id":2390,"href":"http:\/\/apecroixluizet.net\/accueil\/wp-json\/wp\/v2\/pages\/40\/revisions\/2390"}],"wp:attachment":[{"href":"http:\/\/apecroixluizet.net\/accueil\/wp-json\/wp\/v2\/media?parent=40"}],"curies":[{"name":"wp","href":"https:\/\/api.w.org\/{rel}","templated":true}]}}