{"id":30,"date":"2013-12-23T21:47:37","date_gmt":"2013-12-23T20:47:37","guid":{"rendered":"http:\/\/apecroixluizet.net\/accueil\/?page_id=30"},"modified":"2018-10-18T06:52:04","modified_gmt":"2018-10-18T04:52:04","slug":"nos-reunions-mensuelles","status":"publish","type":"page","link":"http:\/\/apecroixluizet.net\/accueil\/nos-reunions-mensuelles\/","title":{"rendered":"Nos r\u00e9unions mensuelles"},"content":{"rendered":"<p>La date de la prochaine r\u00e9union de l&rsquo;association est fix\u00e9e au <em><span style=\"color: #0000ff;\"><strong>8 novembre 2018<\/strong><\/span><\/em><strong><br \/>\n<\/strong><\/p>\n<p>Elle aura lieu \u00e0 la salle polyvalente de l&rsquo;\u00e9cole<span style=\"color: #0000ff;\">.<\/span><\/p>\n<p>Nous discuterons des prochaines actions \u00e0 mener (vide-grenier, tombola, &#8230;).<\/p>\n<p>&nbsp;<\/p>\n<h4 style=\"text-align: center;\"><span style=\"text-decoration: underline; color: #3366ff;\"><strong>Compte-rendus des derni\u00e8res r\u00e9unions<\/strong><\/span><\/h4>\n<p><span style=\"color: #3366ff;\"><strong>Ann\u00e9e 2018-2019 :<\/strong><\/span><\/p>\n<ul>\n<li>13 septembre 2018 : <a href=\"http:\/\/apecroixluizet.net\/accueil\/wp-content\/uploads\/2018\/10\/Compte-rendu-r\u00e9union-APE-26septembre-2018.pdf\" target=\"_blank\" rel=\"noopener\">compte-rendu<\/a><\/li>\n<li>8 novembre 2018<\/li>\n<li>13 d\u00e9cembre 2018<\/li>\n<li>23 janvier 2019<\/li>\n<li>7 mars 2019<\/li>\n<li>11 avril 2019<\/li>\n<li>16 mai 2019<\/li>\n<li>20 juin 2019<\/li>\n<\/ul>\n<p><span style=\"color: #3366ff;\"><strong>Ann\u00e9e 2017-2018 :<\/strong><\/span><\/p>\n<ul>\n<li>22 Juin 2018 : <em><a href=\"http:\/\/apecroixluizet.net\/accueil\/wp-content\/uploads\/2018\/06\/20180622-CR-R\u00e9union-APE.pdf\" target=\"_blank\" rel=\"noopener\">compte-rendu<\/a><\/em><\/li>\n<li>24 Mai 2018 : <em><a href=\"http:\/\/apecroixluizet.net\/accueil\/wp-content\/uploads\/2018\/06\/20180524-CR-R\u00e9union-APE.pdf\" target=\"_blank\" rel=\"noopener\">compte-rendu<\/a><\/em><\/li>\n<li>15 D\u00e9cembre 2017 : <em><a href=\"http:\/\/apecroixluizet.net\/accueil\/wp-content\/uploads\/2018\/01\/20171215-CR-R\u00e9union-APE.pdf\" target=\"_blank\" rel=\"noopener\">compte-rendu<\/a><\/em><\/li>\n<li>10 Novembre 2017 : <a href=\"http:\/\/apecroixluizet.net\/accueil\/wp-content\/uploads\/2013\/12\/20171110-CR-R\u00e9union-APE.pdf\" target=\"_blank\" rel=\"noopener\"><em>compte-rendu<\/em><\/a><\/li>\n<li>13 Octobre 2017 :\u00a0<a href=\"http:\/\/apecroixluizet.net\/accueil\/wp-content\/uploads\/2013\/12\/20171013-CR-R\u00e9union-APE.pdf\" target=\"_blank\" rel=\"noopener\"><em>compte-rendu<\/em><\/a><\/li>\n<\/ul>\n<p>&nbsp;<\/p>\n<p><span style=\"color: #3366ff;\"><strong>Ann\u00e9e 2016-2017 :<\/strong><\/span><\/p>\n<ul>\n<li>11 Mai 2017 : <em><a href=\"http:\/\/apecroixluizet.net\/accueil\/wp-content\/uploads\/2013\/12\/20170511-CR-R\u00e9union-APE.pdf\" target=\"_blank\" rel=\"noopener noreferrer\">compte-rendu<\/a><\/em> et courrier \u00e0 la Mairie concernant les probl\u00e8mes de voirie <a href=\"http:\/\/apecroixluizet.net\/accueil\/wp-content\/uploads\/2013\/12\/20170530-APE-CourrierMairie-Voirie.pdf\" target=\"_blank\" rel=\"noopener noreferrer\">Courrier Mairie (voirie)<\/a><\/li>\n<li>20 Mars 2017 : <em><a href=\"http:\/\/apecroixluizet.net\/accueil\/wp-content\/uploads\/2013\/12\/20170320-CR-R\u00e9union-APE.pdf\" target=\"_blank\" rel=\"noopener noreferrer\">compte-rendu<\/a><\/em><\/li>\n<li>23 Janvier 2017 : <em><a href=\"http:\/\/apecroixluizet.net\/accueil\/wp-content\/uploads\/2013\/12\/20170123-CR-R\u00e9union-APE.pdf\" target=\"_blank\" rel=\"noopener noreferrer\">compte-rendu<\/a><\/em><\/li>\n<li>05 Janvier 2017 : \u00ab\u00a0<span style=\"color: #800080;\">Pr\u00e9paration vide grenier<\/span>\u00a0\u00bb <em><a href=\"http:\/\/apecroixluizet.net\/accueil\/wp-content\/uploads\/2013\/12\/20170105-CR-R\u00e9union-APE-videgrenier.pdf\" target=\"_blank\" rel=\"noopener noreferrer\">compte-rendu<\/a><\/em><\/li>\n<li>22 D\u00e9cembre 2016 :<em> <a href=\"http:\/\/apecroixluizet.net\/accueil\/wp-content\/uploads\/2013\/12\/20161222-CR-R\u00e9union-APE.pdf\" target=\"_blank\" rel=\"noopener noreferrer\">compte-rendu<\/a><br \/>\n<\/em><\/li>\n<li>28 Novembre 2016 : \u00ab\u00a0<span style=\"color: #800080;\">Rencontre avec Mr Damien BERTHILIER &#8211; Adjoint \u00e0 l\u2019\u00c9ducation<\/span>\u00a0\u00bb <em><a href=\"http:\/\/apecroixluizet.net\/accueil\/wp-content\/uploads\/2013\/12\/20161128-CR-Rencontre-Mairie-DBerthilier.pdf\" target=\"_blank\" rel=\"noopener noreferrer\">compte-rendu<\/a><\/em><\/li>\n<li>04 Novembre 2016 : <em><a href=\"http:\/\/apecroixluizet.net\/accueil\/wp-content\/uploads\/2013\/12\/20161104-CR-R\u00e9union-APE.pdf\" target=\"_blank\" rel=\"noopener noreferrer\">compte-rendu<\/a><\/em><\/li>\n<li>10 Octobre 2016 : <em><a href=\"http:\/\/apecroixluizet.net\/accueil\/wp-content\/uploads\/2016\/11\/20161010-CR-R\u00e9union-APE.pdf\" target=\"_blank\" rel=\"noopener noreferrer\">compte-rendu<\/a><\/em><\/li>\n<li>22 Septembre 2016 : <em><a href=\"http:\/\/apecroixluizet.net\/accueil\/wp-content\/uploads\/2016\/10\/20160922-APE-cr.pdf\" target=\"_blank\" rel=\"noopener noreferrer\">compte-rendu<\/a><\/em><\/li>\n<\/ul>\n<p>&nbsp;<\/p>\n<p><span style=\"color: #3366ff;\"><strong>Ann\u00e9e 2015-2016 :<\/strong><\/span><\/p>\n<ul>\n<li>12\u00a0octobre 2015 : <a href=\"http:\/\/apecroixluizet.net\/accueil\/wp-content\/uploads\/2013\/12\/PV-AG-du-12-octobre-2015.pdf\" target=\"_blank\" rel=\"noopener noreferrer\"> compte-rendu<\/a><\/li>\n<li>14 septembre 2015 :\u00a0<a href=\"http:\/\/apecroixluizet.net\/accueil\/wp-content\/uploads\/2013\/12\/CR-R\u00e9union-A.P.E-14-septembre-2015.pdf\" target=\"_blank\" rel=\"noopener noreferrer\"> compte-rendu<\/a><\/li>\n<li>21 avril 2016 : <a href=\"http:\/\/apecroixluizet.net\/accueil\/wp-content\/uploads\/2013\/12\/20160421-APE-cr-ag.pdf\" target=\"_blank\" rel=\"noopener noreferrer\">compte-rendu<\/a><\/li>\n<li>16 mars 2016 : <a href=\"http:\/\/apecroixluizet.net\/accueil\/wp-content\/uploads\/2013\/12\/20160316-APE-cr-ag.pdf\" target=\"_blank\" rel=\"noopener noreferrer\">compte-rendu<\/a><\/li>\n<li>21 janvier 2016 :\u00a0<a href=\"http:\/\/apecroixluizet.net\/accueil\/wp-content\/uploads\/2013\/12\/CR-R\u00e9union-A.P.E-21-janvier-2016.pdf\" target=\"_blank\" rel=\"noopener noreferrer\"> compte-rendu<\/a><\/li>\n<\/ul>\n<p>&nbsp;<\/p>\n<p><strong>Ann\u00e9e 2014-2015 :<\/strong><\/p>\n<ul>\n<li>16 mars 2015 : <a href=\"http:\/\/apecroixluizet.net\/accueil\/wp-content\/uploads\/2013\/12\/CR-R\u00e9union-A.P.E-16-mars-2015.pdf\" target=\"_blank\" rel=\"noopener noreferrer\">compte-rendu<\/a><\/li>\n<li>26 janvier 2015 :\u00a0<a href=\"http:\/\/apecroixluizet.net\/accueil\/wp-content\/uploads\/2013\/12\/CR_R\u00e9union_A.P.E_26_janvier_2015.pdf\" target=\"_blank\" rel=\"noopener noreferrer\">compte-rendu<\/a><\/li>\n<li>16 d\u00e9cembre 2014 : <a href=\"http:\/\/apecroixluizet.net\/accueil\/wp-content\/uploads\/2013\/12\/CR-R\u00e9union-A.P.E-16-d\u00e9cembre-2014.pdf\" target=\"_blank\" rel=\"noopener noreferrer\">compte-rendu<\/a><\/li>\n<li>13 octobre 2014 : <a href=\"http:\/\/apecroixluizet.net\/accueil\/wp-content\/uploads\/2013\/12\/CR-R\u00e9union-A.P.E-13-octobre-2014.pdf\" target=\"_blank\" rel=\"noopener noreferrer\">compte-rendu<\/a><\/li>\n<li>29 septembre 2014 : <a href=\"http:\/\/apecroixluizet.net\/accueil\/wp-content\/uploads\/2013\/12\/AG_29septembre2014.pdf\" target=\"_blank\" rel=\"noopener noreferrer\">compte-rendu<\/a><\/li>\n<li>15 septembre 2014 :\u00a0<a href=\"http:\/\/apecroixluizet.net\/accueil\/wp-content\/uploads\/2013\/12\/15-septembre-2014-_2_-.pdf\" target=\"_blank\" rel=\"noopener noreferrer\">compte-rendu<\/a><\/li>\n<\/ul>\n<p>&nbsp;<\/p>\n<p><strong>Ann\u00e9e 2013-2014 :<\/strong><\/p>\n<ul>\n<li>26 mais 2014 : <a href=\"http:\/\/apecroixluizet.net\/accueil\/wp-content\/uploads\/2013\/12\/Mai2014.pdf\" target=\"_blank\" rel=\"noopener noreferrer\">compte-rendu<\/a><\/li>\n<li>24 mars 2014 : <a href=\"http:\/\/apecroixluizet.net\/accueil\/wp-content\/uploads\/2014\/04\/Mars2014.pdf\" target=\"_blank\" rel=\"noopener noreferrer\">compte-rendu<\/a><\/li>\n<li>10 f\u00e9vrier 2014 :<\/li>\n<li>13 janvier 2014 : <a href=\"http:\/\/apecroixluizet.net\/accueil\/wp-content\/uploads\/2014\/01\/Jav2014.pdf\" target=\"_blank\" rel=\"noopener noreferrer\">compte-rendu<\/a><\/li>\n<li>14 novembre 2013 : <a href=\"http:\/\/apecroixluizet.net\/accueil\/wp-content\/uploads\/2014\/01\/Nov2013.pdf\" target=\"_blank\" rel=\"noopener noreferrer\">compte-rendu<\/a><\/li>\n<\/ul>\n<p>&nbsp;<\/p>\n<p>&nbsp;<\/p>\n","protected":false},"excerpt":{"rendered":"<p>La date de la prochaine r\u00e9union de l&rsquo;association est fix\u00e9e au 8 novembre 2018 Elle aura lieu \u00e0 la salle polyvalente de l&rsquo;\u00e9cole. Nous discuterons des prochaines actions \u00e0 mener (vide-grenier, tombola, &#8230;). &nbsp; Compte-rendus des derni\u00e8res r\u00e9unions Ann\u00e9e 2018-2019<\/p>\n","protected":false},"author":1,"featured_media":0,"parent":0,"menu_order":0,"comment_status":"closed","ping_status":"closed","template":"","meta":{"footnotes":""},"class_list":["post-30","page","type-page","status-publish","hentry"],"post_mailing_queue_ids":[],"_links":{"self":[{"href":"http:\/\/apecroixluizet.net\/accueil\/wp-json\/wp\/v2\/pages\/30","targetHints":{"allow":["GET"]}}],"collection":[{"href":"http:\/\/apecroixluizet.net\/accueil\/wp-json\/wp\/v2\/pages"}],"about":[{"href":"http:\/\/apecroixluizet.net\/accueil\/wp-json\/wp\/v2\/types\/page"}],"author":[{"embeddable":true,"href":"http:\/\/apecroixluizet.net\/accueil\/wp-json\/wp\/v2\/users\/1"}],"replies":[{"embeddable":true,"href":"http:\/\/apecroixluizet.net\/accueil\/wp-json\/wp\/v2\/comments?post=30"}],"version-history":[{"count":71,"href":"http:\/\/apecroixluizet.net\/accueil\/wp-json\/wp\/v2\/pages\/30\/revisions"}],"predecessor-version":[{"id":2013,"href":"http:\/\/apecroixluizet.net\/accueil\/wp-json\/wp\/v2\/pages\/30\/revisions\/2013"}],"wp:attachment":[{"href":"http:\/\/apecroixluizet.net\/accueil\/wp-json\/wp\/v2\/media?parent=30"}],"curies":[{"name":"wp","href":"https:\/\/api.w.org\/{rel}","templated":true}]}}