{"id":27,"date":"2013-12-23T20:23:59","date_gmt":"2013-12-23T19:23:59","guid":{"rendered":"http:\/\/apecroixluizet.net\/accueil\/?page_id=27"},"modified":"2020-12-10T21:49:43","modified_gmt":"2020-12-10T20:49:43","slug":"presentation","status":"publish","type":"page","link":"http:\/\/apecroixluizet.net\/accueil\/presentation\/","title":{"rendered":"Pr\u00e9sentation de l&rsquo;association"},"content":{"rendered":"<h2><span style=\"color: #3366ff;\">Qui sommes-nous ?<\/span><\/h2>\n<p><span style=\"color: #333333;\">Nous sommes une association loi 1901 (sans but lucratif, sans but politique) qui a pour objet de <strong>repr\u00e9senter les parents des \u00e9l\u00e8ves de maternelle et d\u2019\u00e9l\u00e9mentaire<\/strong>. En maternelle, comme en \u00e9l\u00e9mentaire, nous sommes vos repr\u00e9sentants aux conseils d\u2019\u00e9cole.<\/span><\/p>\n<h2><span style=\"color: #3366ff;\">Que faisons-nous ?<br \/>\n<\/span><\/h2>\n<p><span style=\"color: #333333;\"><strong>Nous cherchons \u00e0 faciliter et motiver l\u2019implication des familles et la qualit\u00e9 de leur relation avec l\u2019\u00e9cole<\/strong>, ceci est important pour que nos enfants se sentent bien \u00e0 l\u2019\u00e9cole. Nous sommes \u00e9galement tous habitants du m\u00eame quartier, nos enfants se connaissent : nous partageons donc de ce fait un petit quelque chose\u2026<\/span><\/p>\n<p><span style=\"color: #333333;\">Nous nous sommes d\u00e9finis 5 missions principales\u00a0:<\/span><\/p>\n<ul>\n<li style=\"text-align: justify; padding-left: 30px;\"><span style=\"color: #333333;\"><span style=\"color: #333333;\"><span style=\"color: #800080;\"><strong>Repr\u00e9senter les parents d\u2019\u00e9l\u00e8ves<br \/>\n&#8230; <\/strong><\/span>au conseil d\u2019\u00e9cole. Des sujets de discussion (voire de validation) ont \u00e9t\u00e9<span class=\"text_exposed_show\"> d\u00e9finis par l\u2019\u00e9ducation nationale ; nous en rajoutons d\u2019autres au vue de l\u2019actualit\u00e9 du moment. Votre avis, vos remarques sur le fonctionnement de l\u2019\u00e9cole nous est donc tr\u00e8s pr\u00e9cieux, n\u2019h\u00e9sitez pas \u00e0 nous les communiquer !<\/span><\/span><\/span><\/li>\n<li style=\"text-align: justify; padding-left: 30px;\"><span style=\"color: #333333;\"><span style=\"color: #333333;\"><span class=\"text_exposed_show\"><span style=\"color: #800080;\"><strong>Accompagner et aider les parents<br \/>\n&#8230; <\/strong><\/span>qui se questionnent ou qui ont des difficult\u00e9s avec la scolarit\u00e9 de leur enfant. Nous avons un r\u00f4le de m\u00e9diation entre parents et \u00e9cole. N\u2019h\u00e9sitez pas \u00e0 nous contacter !<\/span><\/span><\/span><\/li>\n<li style=\"text-align: justify; padding-left: 30px;\"><span style=\"color: #333333;\"><span style=\"color: #333333;\"><span class=\"text_exposed_show\"><strong><span style=\"color: #800080;\">Travailler avec tous les partenaires<\/span><span style=\"color: #800080;\"> et acteurs de l\u2019\u00e9cole<br \/>\n&#8230; <\/span><\/strong>pour am\u00e9liorer les conditions d\u2019accueil de nos enfants et veiller \u00e0 ce que les conditions de travail des enseignants et des agents municipaux soient les meilleures possibles.<\/span><\/span><\/span><\/li>\n<li style=\"text-align: justify; padding-left: 30px;\"><span style=\"color: #333333;\"><span style=\"color: #333333;\"><span class=\"text_exposed_show\"><strong><span style=\"color: #800080;\">Cr\u00e9er de la solidarit\u00e9 et de la convivialit\u00e9<br \/>\n&#8230; <\/span><\/strong>dans, et surtout autour, de l\u2019\u00e9cole (participation \u00e0 la f\u00eate de fin d\u2019ann\u00e9e, mise en place des p\u00e9dibus, la semaine pi\u00e9tonne, les bourses aux jouets ou vide-greniers \u2026)<\/span><\/span><\/span><\/li>\n<li style=\"text-align: justify; padding-left: 30px;\"><span style=\"color: #333333;\"><span class=\"text_exposed_show\"><span style=\"color: #800080;\"><strong>De vous informer<br \/>\n&#8230; <\/strong><\/span>le plus possible et de partager avec vous sur ce qui se passe dans et autour de notre \u00e9cole (panneaux d\u2019affichage, Echo du Luizet, liste de mail, et site internet)<\/span><\/span><\/li>\n<\/ul>\n","protected":false},"excerpt":{"rendered":"<p>Qui sommes-nous ? Nous sommes une association loi 1901 (sans but lucratif, sans but politique) qui a pour objet de repr\u00e9senter les parents des \u00e9l\u00e8ves de maternelle et d\u2019\u00e9l\u00e9mentaire. En maternelle, comme en \u00e9l\u00e9mentaire, nous sommes vos repr\u00e9sentants aux conseils<\/p>\n","protected":false},"author":1,"featured_media":0,"parent":0,"menu_order":0,"comment_status":"closed","ping_status":"closed","template":"","meta":{"footnotes":""},"class_list":["post-27","page","type-page","status-publish","hentry"],"post_mailing_queue_ids":[],"_links":{"self":[{"href":"http:\/\/apecroixluizet.net\/accueil\/wp-json\/wp\/v2\/pages\/27","targetHints":{"allow":["GET"]}}],"collection":[{"href":"http:\/\/apecroixluizet.net\/accueil\/wp-json\/wp\/v2\/pages"}],"about":[{"href":"http:\/\/apecroixluizet.net\/accueil\/wp-json\/wp\/v2\/types\/page"}],"author":[{"embeddable":true,"href":"http:\/\/apecroixluizet.net\/accueil\/wp-json\/wp\/v2\/users\/1"}],"replies":[{"embeddable":true,"href":"http:\/\/apecroixluizet.net\/accueil\/wp-json\/wp\/v2\/comments?post=27"}],"version-history":[{"count":30,"href":"http:\/\/apecroixluizet.net\/accueil\/wp-json\/wp\/v2\/pages\/27\/revisions"}],"predecessor-version":[{"id":2399,"href":"http:\/\/apecroixluizet.net\/accueil\/wp-json\/wp\/v2\/pages\/27\/revisions\/2399"}],"wp:attachment":[{"href":"http:\/\/apecroixluizet.net\/accueil\/wp-json\/wp\/v2\/media?parent=27"}],"curies":[{"name":"wp","href":"https:\/\/api.w.org\/{rel}","templated":true}]}}