{"id":2566,"date":"2023-06-16T13:05:58","date_gmt":"2023-06-16T11:05:58","guid":{"rendered":"http:\/\/apecroixluizet.net\/accueil\/?page_id=2566"},"modified":"2023-06-16T13:05:59","modified_gmt":"2023-06-16T11:05:59","slug":"bourses-aux-jouets-vide-greniers-et-ventes-diverses","status":"publish","type":"page","link":"http:\/\/apecroixluizet.net\/accueil\/bourses-aux-jouets-vide-greniers-et-ventes-diverses\/","title":{"rendered":"Bourses aux jouets, vide-greniers et ventes diverses"},"content":{"rendered":"\n<p>L&rsquo;APE aide l&rsquo;\u00e9quipe enseignante \u00e0 financer ses projets \u00e9ducatifs et participe \u00e0 la vie de l&rsquo;\u00e9cole en organisant divers ventes (march\u00e9s de no\u00ebl, bourses aux jouets et autres ventes&#8230;).<\/p>\n\n\n\n<p>Des ventes de g\u00e2teaux sont \u00e9galement organis\u00e9 \u00e0 la fin de chaque p\u00e9riode scolaire, le vendredi pr\u00e9c\u00e9dent chaque p\u00e9riode de vacances.<\/p>\n\n\n\n<p>L&rsquo;ensemble des fonds collect\u00e9s est ensuite transmis aux directeurs et directrices pour participer au financement des projets \u00e9ducatifs (sorties scolaire par exemple).<\/p>\n","protected":false},"excerpt":{"rendered":"<p>L&rsquo;APE aide l&rsquo;\u00e9quipe enseignante \u00e0 financer ses projets \u00e9ducatifs et participe \u00e0 la vie de l&rsquo;\u00e9cole en organisant divers ventes (march\u00e9s de no\u00ebl, bourses aux jouets et autres ventes&#8230;). Des ventes de g\u00e2teaux sont \u00e9galement organis\u00e9 \u00e0 la fin de<\/p>\n","protected":false},"author":1,"featured_media":0,"parent":0,"menu_order":0,"comment_status":"closed","ping_status":"closed","template":"","meta":{"footnotes":""},"class_list":["post-2566","page","type-page","status-publish","hentry"],"post_mailing_queue_ids":[],"_links":{"self":[{"href":"http:\/\/apecroixluizet.net\/accueil\/wp-json\/wp\/v2\/pages\/2566","targetHints":{"allow":["GET"]}}],"collection":[{"href":"http:\/\/apecroixluizet.net\/accueil\/wp-json\/wp\/v2\/pages"}],"about":[{"href":"http:\/\/apecroixluizet.net\/accueil\/wp-json\/wp\/v2\/types\/page"}],"author":[{"embeddable":true,"href":"http:\/\/apecroixluizet.net\/accueil\/wp-json\/wp\/v2\/users\/1"}],"replies":[{"embeddable":true,"href":"http:\/\/apecroixluizet.net\/accueil\/wp-json\/wp\/v2\/comments?post=2566"}],"version-history":[{"count":1,"href":"http:\/\/apecroixluizet.net\/accueil\/wp-json\/wp\/v2\/pages\/2566\/revisions"}],"predecessor-version":[{"id":2567,"href":"http:\/\/apecroixluizet.net\/accueil\/wp-json\/wp\/v2\/pages\/2566\/revisions\/2567"}],"wp:attachment":[{"href":"http:\/\/apecroixluizet.net\/accueil\/wp-json\/wp\/v2\/media?parent=2566"}],"curies":[{"name":"wp","href":"https:\/\/api.w.org\/{rel}","templated":true}]}}