{"id":2562,"date":"2023-06-16T12:58:47","date_gmt":"2023-06-16T10:58:47","guid":{"rendered":"http:\/\/apecroixluizet.net\/accueil\/?page_id=2562"},"modified":"2023-06-16T13:15:24","modified_gmt":"2023-06-16T11:15:24","slug":"fetes-de-lecole","status":"publish","type":"page","link":"http:\/\/apecroixluizet.net\/accueil\/fetes-de-lecole\/","title":{"rendered":"F\u00eates de l&rsquo;\u00e9cole"},"content":{"rendered":"\n<p>Chaque \u00e9t\u00e9, c&rsquo;est une nouvelle ann\u00e9e scolaire qui se termine, c&rsquo;est aussi l&rsquo;occasion de tous se retrouver pour la f\u00eate de l&rsquo;\u00e9cole.<\/p>\n\n\n\n<p>L&rsquo;APE est au rendez-vous pour tenir la buvette et proposer \u00e0 manger, aider l&rsquo;\u00e9quipe enseignante dans leurs projets, organiser ses propres animations&#8230;<\/p>\n\n\n\n<p>Les diff\u00e9rentes \u00e9ditions :<\/p>\n\n\n\n<ul class=\"wp-block-list\"><li><a href=\"http:\/\/apecroixluizet.net\/accueil\/2023\/06\/fete-de-lecole-16-juin-2023\/\">2023<\/a><\/li><li>(&#8230;)<\/li><li><a href=\"http:\/\/apecroixluizet.net\/accueil\/fete-de-lecole-lete-en-fete-edition-2018\/\" data-type=\"URL\" data-id=\"http:\/\/apecroixluizet.net\/accueil\/fete-de-lecole-lete-en-fete-edition-2018\/\">2018<\/a><\/li><li><a href=\"http:\/\/apecroixluizet.net\/accueil\/fete-de-lecole-lete-en-fete\/\">2017<\/a><\/li><\/ul>\n\n\n\n<p><\/p>\n","protected":false},"excerpt":{"rendered":"<p>Chaque \u00e9t\u00e9, c&rsquo;est une nouvelle ann\u00e9e scolaire qui se termine, c&rsquo;est aussi l&rsquo;occasion de tous se retrouver pour la f\u00eate de l&rsquo;\u00e9cole. L&rsquo;APE est au rendez-vous pour tenir la buvette et proposer \u00e0 manger, aider l&rsquo;\u00e9quipe enseignante dans leurs projets,<\/p>\n","protected":false},"author":1,"featured_media":0,"parent":0,"menu_order":0,"comment_status":"closed","ping_status":"closed","template":"","meta":{"footnotes":""},"class_list":["post-2562","page","type-page","status-publish","hentry"],"post_mailing_queue_ids":[],"_links":{"self":[{"href":"http:\/\/apecroixluizet.net\/accueil\/wp-json\/wp\/v2\/pages\/2562","targetHints":{"allow":["GET"]}}],"collection":[{"href":"http:\/\/apecroixluizet.net\/accueil\/wp-json\/wp\/v2\/pages"}],"about":[{"href":"http:\/\/apecroixluizet.net\/accueil\/wp-json\/wp\/v2\/types\/page"}],"author":[{"embeddable":true,"href":"http:\/\/apecroixluizet.net\/accueil\/wp-json\/wp\/v2\/users\/1"}],"replies":[{"embeddable":true,"href":"http:\/\/apecroixluizet.net\/accueil\/wp-json\/wp\/v2\/comments?post=2562"}],"version-history":[{"count":3,"href":"http:\/\/apecroixluizet.net\/accueil\/wp-json\/wp\/v2\/pages\/2562\/revisions"}],"predecessor-version":[{"id":2572,"href":"http:\/\/apecroixluizet.net\/accueil\/wp-json\/wp\/v2\/pages\/2562\/revisions\/2572"}],"wp:attachment":[{"href":"http:\/\/apecroixluizet.net\/accueil\/wp-json\/wp\/v2\/media?parent=2562"}],"curies":[{"name":"wp","href":"https:\/\/api.w.org\/{rel}","templated":true}]}}