{"id":1922,"date":"2018-07-03T13:47:23","date_gmt":"2018-07-03T11:47:23","guid":{"rendered":"http:\/\/apecroixluizet.net\/accueil\/?page_id=1922"},"modified":"2018-07-04T08:03:51","modified_gmt":"2018-07-04T06:03:51","slug":"fete-de-lecole-lete-en-fete-edition-2018","status":"publish","type":"page","link":"http:\/\/apecroixluizet.net\/accueil\/fete-de-lecole-lete-en-fete-edition-2018\/","title":{"rendered":"F\u00eate de l&rsquo;\u00e9cole &#8211; L&rsquo;\u00e9t\u00e9 en f\u00eate (\u00e9dition 2018)"},"content":{"rendered":"<h1 style=\"text-align: center;\"><span style=\"color: #3366ff;\">L\u2019\u00e9dition <span style=\"color: #800080;\"><strong>2018<\/strong> <\/span>en images : <span style=\"color: #800080;\">le Samedi 30 Juin<\/span><\/span><\/h1>\n<h2 style=\"text-align: center;\"><span style=\"color: #3366ff;\">\u00e0 la Maison Croix-Luizet<\/span><\/h2>\n<p style=\"text-align: center;\"><img loading=\"lazy\" decoding=\"async\" class=\"alignnone size-medium wp-image-1923 aligncenter\" src=\"http:\/\/apecroixluizet.net\/accueil\/wp-content\/uploads\/2018\/07\/20180630-fete\u00e9t\u00e9-2018-01-e1530514097475-225x300.jpg\" alt=\"\" width=\"225\" height=\"300\" \/> <img loading=\"lazy\" decoding=\"async\" class=\"alignnone size-medium wp-image-1924 aligncenter\" src=\"http:\/\/apecroixluizet.net\/accueil\/wp-content\/uploads\/2018\/07\/20180630-fete\u00e9t\u00e9-2018-02-e1530514087138-225x300.jpg\" alt=\"\" width=\"225\" height=\"300\" \/><\/p>\n<p style=\"text-align: center;\"><img loading=\"lazy\" decoding=\"async\" class=\"alignnone size-medium wp-image-1935\" src=\"http:\/\/apecroixluizet.net\/accueil\/wp-content\/uploads\/2018\/07\/20180630-fete\u00e9t\u00e9-2018-03-300x225.jpg\" alt=\"\" width=\"300\" height=\"225\" srcset=\"http:\/\/apecroixluizet.net\/accueil\/wp-content\/uploads\/2018\/07\/20180630-fete\u00e9t\u00e9-2018-03-300x225.jpg 300w, http:\/\/apecroixluizet.net\/accueil\/wp-content\/uploads\/2018\/07\/20180630-fete\u00e9t\u00e9-2018-03-768x576.jpg 768w, http:\/\/apecroixluizet.net\/accueil\/wp-content\/uploads\/2018\/07\/20180630-fete\u00e9t\u00e9-2018-03-1024x768.jpg 1024w\" sizes=\"auto, (max-width: 300px) 100vw, 300px\" \/> <img loading=\"lazy\" decoding=\"async\" class=\"alignnone size-medium wp-image-1936\" src=\"http:\/\/apecroixluizet.net\/accueil\/wp-content\/uploads\/2018\/07\/20180630-fete\u00e9t\u00e9-2018-04-300x225.jpg\" alt=\"\" width=\"300\" height=\"225\" \/><img loading=\"lazy\" decoding=\"async\" class=\"alignnone size-medium wp-image-1937\" src=\"http:\/\/apecroixluizet.net\/accueil\/wp-content\/uploads\/2018\/07\/20180630-fete\u00e9t\u00e9-2018-05-300x225.jpg\" alt=\"\" width=\"300\" height=\"225\" srcset=\"http:\/\/apecroixluizet.net\/accueil\/wp-content\/uploads\/2018\/07\/20180630-fete\u00e9t\u00e9-2018-05-300x225.jpg 300w, http:\/\/apecroixluizet.net\/accueil\/wp-content\/uploads\/2018\/07\/20180630-fete\u00e9t\u00e9-2018-05-768x576.jpg 768w, http:\/\/apecroixluizet.net\/accueil\/wp-content\/uploads\/2018\/07\/20180630-fete\u00e9t\u00e9-2018-05-1024x768.jpg 1024w\" sizes=\"auto, (max-width: 300px) 100vw, 300px\" \/><\/p>\n<p style=\"text-align: center;\"><img loading=\"lazy\" decoding=\"async\" class=\"alignnone size-medium wp-image-1938\" src=\"http:\/\/apecroixluizet.net\/accueil\/wp-content\/uploads\/2018\/07\/20180630-fete\u00e9t\u00e9-2018-06-300x225.jpg\" alt=\"\" width=\"300\" height=\"225\" srcset=\"http:\/\/apecroixluizet.net\/accueil\/wp-content\/uploads\/2018\/07\/20180630-fete\u00e9t\u00e9-2018-06-300x225.jpg 300w, http:\/\/apecroixluizet.net\/accueil\/wp-content\/uploads\/2018\/07\/20180630-fete\u00e9t\u00e9-2018-06-768x576.jpg 768w, http:\/\/apecroixluizet.net\/accueil\/wp-content\/uploads\/2018\/07\/20180630-fete\u00e9t\u00e9-2018-06-1024x768.jpg 1024w\" sizes=\"auto, (max-width: 300px) 100vw, 300px\" \/> <img loading=\"lazy\" decoding=\"async\" class=\"alignnone size-medium wp-image-1939\" src=\"http:\/\/apecroixluizet.net\/accueil\/wp-content\/uploads\/2018\/07\/20180630-fete\u00e9t\u00e9-2018-07-300x225.jpg\" alt=\"\" width=\"300\" height=\"225\" srcset=\"http:\/\/apecroixluizet.net\/accueil\/wp-content\/uploads\/2018\/07\/20180630-fete\u00e9t\u00e9-2018-07-300x225.jpg 300w, http:\/\/apecroixluizet.net\/accueil\/wp-content\/uploads\/2018\/07\/20180630-fete\u00e9t\u00e9-2018-07-768x576.jpg 768w, http:\/\/apecroixluizet.net\/accueil\/wp-content\/uploads\/2018\/07\/20180630-fete\u00e9t\u00e9-2018-07-1024x768.jpg 1024w\" sizes=\"auto, (max-width: 300px) 100vw, 300px\" \/> <img loading=\"lazy\" decoding=\"async\" class=\"alignnone size-medium wp-image-1940\" src=\"http:\/\/apecroixluizet.net\/accueil\/wp-content\/uploads\/2018\/07\/20180630-fete\u00e9t\u00e9-2018-08-300x225.jpg\" alt=\"\" width=\"300\" height=\"225\" srcset=\"http:\/\/apecroixluizet.net\/accueil\/wp-content\/uploads\/2018\/07\/20180630-fete\u00e9t\u00e9-2018-08-300x225.jpg 300w, http:\/\/apecroixluizet.net\/accueil\/wp-content\/uploads\/2018\/07\/20180630-fete\u00e9t\u00e9-2018-08-768x576.jpg 768w, http:\/\/apecroixluizet.net\/accueil\/wp-content\/uploads\/2018\/07\/20180630-fete\u00e9t\u00e9-2018-08-1024x768.jpg 1024w\" sizes=\"auto, (max-width: 300px) 100vw, 300px\" \/><\/p>\n<p><img loading=\"lazy\" decoding=\"async\" class=\"alignnone size-medium wp-image-1941 aligncenter\" src=\"http:\/\/apecroixluizet.net\/accueil\/wp-content\/uploads\/2018\/07\/20180630-fete\u00e9t\u00e9-2018-09-300x225.jpg\" alt=\"\" width=\"300\" height=\"225\" srcset=\"http:\/\/apecroixluizet.net\/accueil\/wp-content\/uploads\/2018\/07\/20180630-fete\u00e9t\u00e9-2018-09-300x225.jpg 300w, http:\/\/apecroixluizet.net\/accueil\/wp-content\/uploads\/2018\/07\/20180630-fete\u00e9t\u00e9-2018-09-768x576.jpg 768w, http:\/\/apecroixluizet.net\/accueil\/wp-content\/uploads\/2018\/07\/20180630-fete\u00e9t\u00e9-2018-09-1024x768.jpg 1024w\" sizes=\"auto, (max-width: 300px) 100vw, 300px\" \/><img loading=\"lazy\" decoding=\"async\" class=\"alignnone size-medium wp-image-1942 aligncenter\" src=\"http:\/\/apecroixluizet.net\/accueil\/wp-content\/uploads\/2018\/07\/20180630-fete\u00e9t\u00e9-2018-10-300x225.jpg\" alt=\"\" width=\"300\" height=\"225\" srcset=\"http:\/\/apecroixluizet.net\/accueil\/wp-content\/uploads\/2018\/07\/20180630-fete\u00e9t\u00e9-2018-10-300x225.jpg 300w, http:\/\/apecroixluizet.net\/accueil\/wp-content\/uploads\/2018\/07\/20180630-fete\u00e9t\u00e9-2018-10-768x576.jpg 768w, http:\/\/apecroixluizet.net\/accueil\/wp-content\/uploads\/2018\/07\/20180630-fete\u00e9t\u00e9-2018-10-1024x768.jpg 1024w\" sizes=\"auto, (max-width: 300px) 100vw, 300px\" \/> <img loading=\"lazy\" decoding=\"async\" class=\"alignnone size-medium wp-image-1943 aligncenter\" src=\"http:\/\/apecroixluizet.net\/accueil\/wp-content\/uploads\/2018\/07\/20180630-fete\u00e9t\u00e9-2018-11-300x225.jpg\" alt=\"\" width=\"300\" height=\"225\" srcset=\"http:\/\/apecroixluizet.net\/accueil\/wp-content\/uploads\/2018\/07\/20180630-fete\u00e9t\u00e9-2018-11-300x225.jpg 300w, http:\/\/apecroixluizet.net\/accueil\/wp-content\/uploads\/2018\/07\/20180630-fete\u00e9t\u00e9-2018-11-768x576.jpg 768w, http:\/\/apecroixluizet.net\/accueil\/wp-content\/uploads\/2018\/07\/20180630-fete\u00e9t\u00e9-2018-11-1024x768.jpg 1024w\" sizes=\"auto, (max-width: 300px) 100vw, 300px\" \/><\/p>\n<h1 style=\"text-align: center;\"><span style=\"color: #3366ff;\"><em>\u2026 \u00e0 l\u2019ann\u00e9e prochaine !<\/em><\/span><\/h1>\n<p style=\"text-align: center;\"><b>\u00a9<\/b> 2018 \u2013 Maison Croix-Luizet &amp; APE Croix-Luizet \/ Reproduction Interdite<\/p>\n","protected":false},"excerpt":{"rendered":"<p>L\u2019\u00e9dition 2018 en images : le Samedi 30 Juin \u00e0 la Maison Croix-Luizet \u2026 \u00e0 l\u2019ann\u00e9e prochaine ! \u00a9 2018 \u2013 Maison Croix-Luizet &amp; APE Croix-Luizet \/ Reproduction Interdite<\/p>\n","protected":false},"author":1,"featured_media":0,"parent":0,"menu_order":0,"comment_status":"closed","ping_status":"closed","template":"","meta":{"footnotes":""},"class_list":["post-1922","page","type-page","status-publish","hentry"],"post_mailing_queue_ids":[],"_links":{"self":[{"href":"http:\/\/apecroixluizet.net\/accueil\/wp-json\/wp\/v2\/pages\/1922","targetHints":{"allow":["GET"]}}],"collection":[{"href":"http:\/\/apecroixluizet.net\/accueil\/wp-json\/wp\/v2\/pages"}],"about":[{"href":"http:\/\/apecroixluizet.net\/accueil\/wp-json\/wp\/v2\/types\/page"}],"author":[{"embeddable":true,"href":"http:\/\/apecroixluizet.net\/accueil\/wp-json\/wp\/v2\/users\/1"}],"replies":[{"embeddable":true,"href":"http:\/\/apecroixluizet.net\/accueil\/wp-json\/wp\/v2\/comments?post=1922"}],"version-history":[{"count":3,"href":"http:\/\/apecroixluizet.net\/accueil\/wp-json\/wp\/v2\/pages\/1922\/revisions"}],"predecessor-version":[{"id":1947,"href":"http:\/\/apecroixluizet.net\/accueil\/wp-json\/wp\/v2\/pages\/1922\/revisions\/1947"}],"wp:attachment":[{"href":"http:\/\/apecroixluizet.net\/accueil\/wp-json\/wp\/v2\/media?parent=1922"}],"curies":[{"name":"wp","href":"https:\/\/api.w.org\/{rel}","templated":true}]}}