{"id":168,"date":"2014-01-15T09:34:51","date_gmt":"2014-01-15T08:34:51","guid":{"rendered":"http:\/\/apecroixluizet.net\/accueil\/?page_id=168"},"modified":"2016-10-20T01:15:02","modified_gmt":"2016-10-19T23:15:02","slug":"r-a-s-e-d","status":"publish","type":"page","link":"http:\/\/apecroixluizet.net\/accueil\/r-a-s-e-d\/","title":{"rendered":"R.A.S.E.D"},"content":{"rendered":"<h3><span style=\"color: #3366ff;\">Le R\u00e9seau d&rsquo;Aides Sp\u00e9cialis\u00e9es aux \u00c9l\u00e8ves en Difficult\u00e9.<\/span><\/h3>\n<p style=\"padding-left: 30px;\">Pour qui ? Comment ? Pour quoi faire ?<\/p>\n<p style=\"padding-left: 30px;\">Voici la brochure de pr\u00e9sentation<strong> <a href=\"http:\/\/apecroixluizet.net\/accueil\/wp-content\/uploads\/2014\/01\/RASED.pdf\">RASED<\/a><\/strong><\/p>\n<p style=\"padding-left: 30px;\">Pour prendre contact :<\/p>\n<p style=\"padding-left: 30px;\">Adresse \u00e9lectronique: rased.villeurbannecentre@laposte.net<\/p>\n<p style=\"padding-left: 30px;\">T\u00e9l\u00e9phone : 04.72.65.39.94<\/p>\n","protected":false},"excerpt":{"rendered":"<p>Le R\u00e9seau d&rsquo;Aides Sp\u00e9cialis\u00e9es aux \u00c9l\u00e8ves en Difficult\u00e9. Pour qui ? Comment ? Pour quoi faire ? Voici la brochure de pr\u00e9sentation RASED Pour prendre contact : Adresse \u00e9lectronique: rased.villeurbannecentre@laposte.net T\u00e9l\u00e9phone : 04.72.65.39.94<\/p>\n","protected":false},"author":1,"featured_media":0,"parent":0,"menu_order":0,"comment_status":"closed","ping_status":"closed","template":"","meta":{"footnotes":""},"class_list":["post-168","page","type-page","status-publish","hentry"],"post_mailing_queue_ids":[],"_links":{"self":[{"href":"http:\/\/apecroixluizet.net\/accueil\/wp-json\/wp\/v2\/pages\/168","targetHints":{"allow":["GET"]}}],"collection":[{"href":"http:\/\/apecroixluizet.net\/accueil\/wp-json\/wp\/v2\/pages"}],"about":[{"href":"http:\/\/apecroixluizet.net\/accueil\/wp-json\/wp\/v2\/types\/page"}],"author":[{"embeddable":true,"href":"http:\/\/apecroixluizet.net\/accueil\/wp-json\/wp\/v2\/users\/1"}],"replies":[{"embeddable":true,"href":"http:\/\/apecroixluizet.net\/accueil\/wp-json\/wp\/v2\/comments?post=168"}],"version-history":[{"count":8,"href":"http:\/\/apecroixluizet.net\/accueil\/wp-json\/wp\/v2\/pages\/168\/revisions"}],"predecessor-version":[{"id":689,"href":"http:\/\/apecroixluizet.net\/accueil\/wp-json\/wp\/v2\/pages\/168\/revisions\/689"}],"wp:attachment":[{"href":"http:\/\/apecroixluizet.net\/accueil\/wp-json\/wp\/v2\/media?parent=168"}],"curies":[{"name":"wp","href":"https:\/\/api.w.org\/{rel}","templated":true}]}}