{"id":1648,"date":"2017-12-12T15:41:48","date_gmt":"2017-12-12T14:41:48","guid":{"rendered":"http:\/\/apecroixluizet.net\/accueil\/?page_id=1648"},"modified":"2018-07-05T14:56:30","modified_gmt":"2018-07-05T12:56:30","slug":"les-autres-instances","status":"publish","type":"page","link":"http:\/\/apecroixluizet.net\/accueil\/les-autres-instances\/","title":{"rendered":"Les instances auxquelles nous participons"},"content":{"rendered":"<ul>\n<li>La <span style=\"color: #800080;\"><strong>Commission de Restauration Scolaire<\/strong><\/span> (<a href=\"http:\/\/apecroixluizet.net\/accueil\/la-cantine\/\">voir les compte-rendus<\/a>)<\/li>\n<\/ul>\n<p>&nbsp;<\/p>\n<ul>\n<li>La <span style=\"color: #800080;\"><strong>Coordination des Repr\u00e9sentants de Parents d&rsquo;\u00e9l\u00e8ves de Villeurbanne<\/strong>.<\/span><\/li>\n<\/ul>\n<p style=\"padding-left: 30px;\">prochaine r\u00e9union <b>: <span style=\"color: #3366ff;\">\u00e0 d\u00e9finir \u00e0 la rentr\u00e9e 2018-2019<br \/>\n<\/span><\/b><\/p>\n<p style=\"padding-left: 60px;\"><span style=\"color: #3366ff;\">R\u00e9unions pr\u00e9c\u00e9dentes :<br \/>\n<\/span><\/p>\n<p style=\"padding-left: 90px;\"><em>R\u00e9union du 02\/07\/2018 :\u00a0<a href=\"http:\/\/apecroixluizet.net\/accueil\/wp-content\/uploads\/2018\/07\/20180702-coordination-cr-r\u00e9union.pdf\" target=\"_blank\" rel=\"noopener\"><strong>compte-rendu<\/strong><\/a><\/em><\/p>\n<p style=\"padding-left: 90px;\"><em>R\u00e9union du 03\/04\/2018 : <strong><a href=\"http:\/\/apecroixluizet.net\/accueil\/wp-content\/uploads\/2018\/04\/20180403-coordination-cr-r\u00e9union.pdf\" target=\"_blank\" rel=\"noopener\">compte-rendu<\/a><\/strong><br \/>\n<\/em><\/p>\n<p style=\"padding-left: 90px;\"><em>R\u00e9union du 20\/03\/2018<\/em> avec la Direction de l\u2019\u00c9ducation sur le bilan des rythmes scolaire : <a href=\"http:\/\/apecroixluizet.net\/accueil\/wp-content\/uploads\/2018\/04\/20180320-cr-coordination-mairie.pdf\" target=\"_blank\" rel=\"noopener\"><em><strong>compte-rendu<\/strong><\/em><\/a><em><strong> et <a href=\"http:\/\/apecroixluizet.net\/accueil\/wp-content\/uploads\/2018\/04\/20180320-r\u00e9union-mairie-bilan-rythmes-coordination-parents.pdf\" target=\"_blank\" rel=\"noopener\">pr\u00e9sentation<\/a><\/strong><\/em><\/p>\n<p style=\"padding-left: 90px;\"><em>R\u00e9union du 05\/12\/2017<\/em> : <em><a href=\"http:\/\/apecroixluizet.net\/accueil\/wp-content\/uploads\/2013\/12\/20171205-coordination-cr-r%C3%A9union.pdf\" target=\"_blank\" rel=\"noopener\"><strong>compte-rendu<\/strong><\/a><\/em><\/p>\n<p style=\"padding-left: 90px;\"><em>R\u00e9union du 16\/10\/2017<\/em> : <a href=\"http:\/\/apecroixluizet.net\/accueil\/wp-content\/uploads\/2013\/12\/20171016-commission-coordination-cr-r\u00e9union.docx\" target=\"_blank\" rel=\"noopener\"><em><strong>compte-rendu<\/strong><\/em><\/a><\/p>\n<p style=\"padding-left: 90px;\"><em>R\u00e9union du 31\/05\/2017 : <strong><a href=\"http:\/\/apecroixluizet.net\/accueil\/wp-content\/uploads\/2013\/12\/20170531-coordination-cr-r\u00e9union.pdf\" target=\"_blank\" rel=\"noopener noreferrer\">compte-rendu<\/a><\/strong><\/em><\/p>\n<p style=\"padding-left: 90px;\"><em>R\u00e9union du 09\/05\/2017 avec la Mairie : <strong><a href=\"http:\/\/apecroixluizet.net\/accueil\/wp-content\/uploads\/2013\/12\/20170509-coordination-rpe-villeurbanne-cr.pdf\" target=\"_blank\" rel=\"noopener noreferrer\">compte-rendu<\/a><\/strong><\/em><\/p>\n<p style=\"padding-left: 90px;\"><em>R\u00e9union du 17\/01\/2017<\/em> : <strong><a href=\"http:\/\/apecroixluizet.net\/accueil\/wp-content\/uploads\/2013\/12\/20170117-commission-coordination-cr-r\u00e9union.pdf\" target=\"_blank\" rel=\"noopener noreferrer\">compte-rendu<\/a><\/strong><\/p>\n<p style=\"padding-left: 90px;\"><em>R\u00e9union du 14\/11\/2016 : <strong><a href=\"http:\/\/apecroixluizet.net\/accueil\/wp-content\/uploads\/2013\/12\/20161114-coordination-rpe-villeurbanne-cr.pdf\" target=\"_blank\" rel=\"noopener noreferrer\">compte-rendu<\/a><\/strong><\/em><\/p>\n<p style=\"padding-left: 90px;\"><em>R\u00e9union du 17\/01\/2017 : <\/em><em><a href=\"http:\/\/apecroixluizet.net\/accueil\/wp-content\/uploads\/2017\/12\/20170117-coordination-rpe-villeurbanne-cr.pdf\" target=\"_blank\" rel=\"noopener\"><strong>compte-rendu<\/strong><\/a><\/em><\/p>\n<p style=\"padding-left: 90px;\"><em>R\u00e9union du 08\/03\/2017 :\u00a0 <a href=\"http:\/\/apecroixluizet.net\/accueil\/wp-content\/uploads\/2017\/12\/20170308-coordination-rpe-villeurbanne-cr.pdf\" target=\"_blank\" rel=\"noopener\"><strong>compte-rendu<\/strong><\/a><\/em><\/p>\n","protected":false},"excerpt":{"rendered":"<p>La Commission de Restauration Scolaire (voir les compte-rendus) &nbsp; La Coordination des Repr\u00e9sentants de Parents d&rsquo;\u00e9l\u00e8ves de Villeurbanne. prochaine r\u00e9union : \u00e0 d\u00e9finir \u00e0 la rentr\u00e9e 2018-2019 R\u00e9unions pr\u00e9c\u00e9dentes : R\u00e9union du 02\/07\/2018 :\u00a0compte-rendu R\u00e9union du 03\/04\/2018 : compte-rendu R\u00e9union<\/p>\n","protected":false},"author":1,"featured_media":0,"parent":0,"menu_order":0,"comment_status":"closed","ping_status":"closed","template":"","meta":{"footnotes":""},"class_list":["post-1648","page","type-page","status-publish","hentry"],"post_mailing_queue_ids":[],"_links":{"self":[{"href":"http:\/\/apecroixluizet.net\/accueil\/wp-json\/wp\/v2\/pages\/1648","targetHints":{"allow":["GET"]}}],"collection":[{"href":"http:\/\/apecroixluizet.net\/accueil\/wp-json\/wp\/v2\/pages"}],"about":[{"href":"http:\/\/apecroixluizet.net\/accueil\/wp-json\/wp\/v2\/types\/page"}],"author":[{"embeddable":true,"href":"http:\/\/apecroixluizet.net\/accueil\/wp-json\/wp\/v2\/users\/1"}],"replies":[{"embeddable":true,"href":"http:\/\/apecroixluizet.net\/accueil\/wp-json\/wp\/v2\/comments?post=1648"}],"version-history":[{"count":9,"href":"http:\/\/apecroixluizet.net\/accueil\/wp-json\/wp\/v2\/pages\/1648\/revisions"}],"predecessor-version":[{"id":1964,"href":"http:\/\/apecroixluizet.net\/accueil\/wp-json\/wp\/v2\/pages\/1648\/revisions\/1964"}],"wp:attachment":[{"href":"http:\/\/apecroixluizet.net\/accueil\/wp-json\/wp\/v2\/media?parent=1648"}],"curies":[{"name":"wp","href":"https:\/\/api.w.org\/{rel}","templated":true}]}}