{"id":1110,"date":"2017-03-14T10:05:40","date_gmt":"2017-03-14T09:05:40","guid":{"rendered":"http:\/\/apecroixluizet.net\/accueil\/?page_id=1110"},"modified":"2017-03-14T18:03:08","modified_gmt":"2017-03-14T17:03:08","slug":"la-bourse-puericulture","status":"publish","type":"page","link":"http:\/\/apecroixluizet.net\/accueil\/la-bourse-puericulture\/","title":{"rendered":"La Bourse Pu\u00e9riculture 2017"},"content":{"rendered":"<h1 style=\"text-align: center;\"><span style=\"color: #3366ff;\">L&rsquo;\u00e9dition <span style=\"color: #800080;\"><strong>2017<\/strong> <\/span>en images :<\/span><span style=\"color: #800080;\"> le Samedi 11 Mars<br \/>\n<\/span><\/h1>\n<h2 style=\"text-align: center;\">\u00e0 la Maison Croix-Luizet<\/h2>\n<p>&nbsp;<\/p>\n<p><img loading=\"lazy\" decoding=\"async\" class=\"alignnone size-medium wp-image-1120 aligncenter\" src=\"http:\/\/apecroixluizet.net\/accueil\/wp-content\/uploads\/2017\/03\/20170311-boursepueri-IMG_2706-300x225.jpg\" alt=\"\" width=\"300\" height=\"225\" srcset=\"http:\/\/apecroixluizet.net\/accueil\/wp-content\/uploads\/2017\/03\/20170311-boursepueri-IMG_2706-300x225.jpg 300w, http:\/\/apecroixluizet.net\/accueil\/wp-content\/uploads\/2017\/03\/20170311-boursepueri-IMG_2706-768x576.jpg 768w, http:\/\/apecroixluizet.net\/accueil\/wp-content\/uploads\/2017\/03\/20170311-boursepueri-IMG_2706-1024x768.jpg 1024w\" sizes=\"auto, (max-width: 300px) 100vw, 300px\" \/><\/p>\n<p style=\"text-align: center;\"><img loading=\"lazy\" decoding=\"async\" class=\"alignnone size-medium wp-image-1118\" src=\"http:\/\/apecroixluizet.net\/accueil\/wp-content\/uploads\/2017\/03\/20170311-boursepueri-IMG_2704-300x225.jpg\" alt=\"\" width=\"300\" height=\"225\" srcset=\"http:\/\/apecroixluizet.net\/accueil\/wp-content\/uploads\/2017\/03\/20170311-boursepueri-IMG_2704-300x225.jpg 300w, http:\/\/apecroixluizet.net\/accueil\/wp-content\/uploads\/2017\/03\/20170311-boursepueri-IMG_2704-768x576.jpg 768w, http:\/\/apecroixluizet.net\/accueil\/wp-content\/uploads\/2017\/03\/20170311-boursepueri-IMG_2704-1024x768.jpg 1024w\" sizes=\"auto, (max-width: 300px) 100vw, 300px\" \/><\/p>\n<p style=\"text-align: center;\"><img loading=\"lazy\" decoding=\"async\" class=\"alignnone size-medium wp-image-1121\" src=\"http:\/\/apecroixluizet.net\/accueil\/wp-content\/uploads\/2017\/03\/20170311-boursepueri-IMG_2707-300x225.jpg\" alt=\"\" width=\"300\" height=\"225\" srcset=\"http:\/\/apecroixluizet.net\/accueil\/wp-content\/uploads\/2017\/03\/20170311-boursepueri-IMG_2707-300x225.jpg 300w, http:\/\/apecroixluizet.net\/accueil\/wp-content\/uploads\/2017\/03\/20170311-boursepueri-IMG_2707-768x576.jpg 768w, http:\/\/apecroixluizet.net\/accueil\/wp-content\/uploads\/2017\/03\/20170311-boursepueri-IMG_2707-1024x768.jpg 1024w\" sizes=\"auto, (max-width: 300px) 100vw, 300px\" \/><\/p>\n<p><img loading=\"lazy\" decoding=\"async\" class=\"alignnone size-medium wp-image-1119 aligncenter\" src=\"http:\/\/apecroixluizet.net\/accueil\/wp-content\/uploads\/2017\/03\/20170311-boursepueri-IMG_2705-300x225.jpg\" alt=\"\" width=\"300\" height=\"225\" srcset=\"http:\/\/apecroixluizet.net\/accueil\/wp-content\/uploads\/2017\/03\/20170311-boursepueri-IMG_2705-300x225.jpg 300w, http:\/\/apecroixluizet.net\/accueil\/wp-content\/uploads\/2017\/03\/20170311-boursepueri-IMG_2705-768x576.jpg 768w, http:\/\/apecroixluizet.net\/accueil\/wp-content\/uploads\/2017\/03\/20170311-boursepueri-IMG_2705-1024x768.jpg 1024w\" sizes=\"auto, (max-width: 300px) 100vw, 300px\" \/><\/p>\n<h1 style=\"text-align: center;\"><span style=\"color: #3366ff;\"><em>&#8230; \u00e0 l&rsquo;ann\u00e9e prochaine !<\/em><\/span><\/h1>\n<p style=\"text-align: center;\"><span style=\"color: #000000; font-family: Arial Black; font-size: large;\"><b>\u00a9<\/b><\/span> 2017 &#8211; APE Croix-Luizet \/ Reproduction Interdite<\/p>\n","protected":false},"excerpt":{"rendered":"<p>L&rsquo;\u00e9dition 2017 en images : le Samedi 11 Mars \u00e0 la Maison Croix-Luizet &nbsp; &#8230; \u00e0 l&rsquo;ann\u00e9e prochaine ! \u00a9 2017 &#8211; APE Croix-Luizet \/ Reproduction Interdite<\/p>\n","protected":false},"author":1,"featured_media":0,"parent":0,"menu_order":0,"comment_status":"closed","ping_status":"closed","template":"","meta":{"footnotes":""},"class_list":["post-1110","page","type-page","status-publish","hentry"],"post_mailing_queue_ids":[],"_links":{"self":[{"href":"http:\/\/apecroixluizet.net\/accueil\/wp-json\/wp\/v2\/pages\/1110","targetHints":{"allow":["GET"]}}],"collection":[{"href":"http:\/\/apecroixluizet.net\/accueil\/wp-json\/wp\/v2\/pages"}],"about":[{"href":"http:\/\/apecroixluizet.net\/accueil\/wp-json\/wp\/v2\/types\/page"}],"author":[{"embeddable":true,"href":"http:\/\/apecroixluizet.net\/accueil\/wp-json\/wp\/v2\/users\/1"}],"replies":[{"embeddable":true,"href":"http:\/\/apecroixluizet.net\/accueil\/wp-json\/wp\/v2\/comments?post=1110"}],"version-history":[{"count":4,"href":"http:\/\/apecroixluizet.net\/accueil\/wp-json\/wp\/v2\/pages\/1110\/revisions"}],"predecessor-version":[{"id":1123,"href":"http:\/\/apecroixluizet.net\/accueil\/wp-json\/wp\/v2\/pages\/1110\/revisions\/1123"}],"wp:attachment":[{"href":"http:\/\/apecroixluizet.net\/accueil\/wp-json\/wp\/v2\/media?parent=1110"}],"curies":[{"name":"wp","href":"https:\/\/api.w.org\/{rel}","templated":true}]}}