{"id":1107,"date":"2017-03-14T10:03:18","date_gmt":"2017-03-14T09:03:18","guid":{"rendered":"http:\/\/apecroixluizet.net\/accueil\/?page_id=1107"},"modified":"2017-03-14T18:08:28","modified_gmt":"2017-03-14T17:08:28","slug":"tournoi-de-badminton-avec-lusep","status":"publish","type":"page","link":"http:\/\/apecroixluizet.net\/accueil\/tournoi-de-badminton-avec-lusep\/","title":{"rendered":"Tournoi de Badminton avec l&rsquo;USEP"},"content":{"rendered":"<h1 style=\"text-align: center;\"><span style=\"color: #3366ff;\">L&rsquo;\u00e9dition <span style=\"color: #800080;\"><strong>2017<\/strong> <\/span>en images :<\/span><span style=\"color: #800080;\"> le Vendredi 10 Mars<br \/>\n<\/span><\/h1>\n<h2 style=\"text-align: center;\">\u00e0 Vaulx en Velin<\/h2>\n<p>&nbsp;<\/p>\n<p><img loading=\"lazy\" decoding=\"async\" class=\"alignnone size-medium wp-image-1125 aligncenter\" src=\"http:\/\/apecroixluizet.net\/accueil\/wp-content\/uploads\/2017\/03\/BAD-USEP-X-LUIZET-3-300x225.jpg\" alt=\"\" width=\"300\" height=\"225\" srcset=\"http:\/\/apecroixluizet.net\/accueil\/wp-content\/uploads\/2017\/03\/BAD-USEP-X-LUIZET-3-300x225.jpg 300w, http:\/\/apecroixluizet.net\/accueil\/wp-content\/uploads\/2017\/03\/BAD-USEP-X-LUIZET-3-768x576.jpg 768w, http:\/\/apecroixluizet.net\/accueil\/wp-content\/uploads\/2017\/03\/BAD-USEP-X-LUIZET-3-1024x768.jpg 1024w, http:\/\/apecroixluizet.net\/accueil\/wp-content\/uploads\/2017\/03\/BAD-USEP-X-LUIZET-3.jpg 2048w\" sizes=\"auto, (max-width: 300px) 100vw, 300px\" \/><\/p>\n<p style=\"text-align: center;\"><img loading=\"lazy\" decoding=\"async\" class=\"alignnone size-medium wp-image-1126\" src=\"http:\/\/apecroixluizet.net\/accueil\/wp-content\/uploads\/2017\/03\/BAD-USEP-X-LUIZET-6-300x225.jpg\" alt=\"\" width=\"300\" height=\"225\" srcset=\"http:\/\/apecroixluizet.net\/accueil\/wp-content\/uploads\/2017\/03\/BAD-USEP-X-LUIZET-6-300x225.jpg 300w, http:\/\/apecroixluizet.net\/accueil\/wp-content\/uploads\/2017\/03\/BAD-USEP-X-LUIZET-6-768x576.jpg 768w, http:\/\/apecroixluizet.net\/accueil\/wp-content\/uploads\/2017\/03\/BAD-USEP-X-LUIZET-6-1024x768.jpg 1024w, http:\/\/apecroixluizet.net\/accueil\/wp-content\/uploads\/2017\/03\/BAD-USEP-X-LUIZET-6.jpg 2048w\" sizes=\"auto, (max-width: 300px) 100vw, 300px\" \/> <img loading=\"lazy\" decoding=\"async\" class=\"alignnone size-medium wp-image-1127\" src=\"http:\/\/apecroixluizet.net\/accueil\/wp-content\/uploads\/2017\/03\/BAD-USEP-X-LUIZET-8-300x225.jpg\" alt=\"\" width=\"300\" height=\"225\" srcset=\"http:\/\/apecroixluizet.net\/accueil\/wp-content\/uploads\/2017\/03\/BAD-USEP-X-LUIZET-8-300x225.jpg 300w, http:\/\/apecroixluizet.net\/accueil\/wp-content\/uploads\/2017\/03\/BAD-USEP-X-LUIZET-8-768x576.jpg 768w, http:\/\/apecroixluizet.net\/accueil\/wp-content\/uploads\/2017\/03\/BAD-USEP-X-LUIZET-8-1024x768.jpg 1024w, http:\/\/apecroixluizet.net\/accueil\/wp-content\/uploads\/2017\/03\/BAD-USEP-X-LUIZET-8.jpg 2048w\" sizes=\"auto, (max-width: 300px) 100vw, 300px\" \/><\/p>\n<p style=\"text-align: center;\"><img loading=\"lazy\" decoding=\"async\" class=\"alignnone size-medium wp-image-1128\" src=\"http:\/\/apecroixluizet.net\/accueil\/wp-content\/uploads\/2017\/03\/BAD-USEP-X-LUIZET-19-300x225.jpg\" alt=\"\" width=\"300\" height=\"225\" srcset=\"http:\/\/apecroixluizet.net\/accueil\/wp-content\/uploads\/2017\/03\/BAD-USEP-X-LUIZET-19-300x225.jpg 300w, http:\/\/apecroixluizet.net\/accueil\/wp-content\/uploads\/2017\/03\/BAD-USEP-X-LUIZET-19-768x576.jpg 768w, http:\/\/apecroixluizet.net\/accueil\/wp-content\/uploads\/2017\/03\/BAD-USEP-X-LUIZET-19-1024x768.jpg 1024w, http:\/\/apecroixluizet.net\/accueil\/wp-content\/uploads\/2017\/03\/BAD-USEP-X-LUIZET-19.jpg 2048w\" sizes=\"auto, (max-width: 300px) 100vw, 300px\" \/> <img loading=\"lazy\" decoding=\"async\" class=\"alignnone size-medium wp-image-1129\" src=\"http:\/\/apecroixluizet.net\/accueil\/wp-content\/uploads\/2017\/03\/BAD-USEP-X-LUIZET-24-300x225.jpg\" alt=\"\" width=\"300\" height=\"225\" srcset=\"http:\/\/apecroixluizet.net\/accueil\/wp-content\/uploads\/2017\/03\/BAD-USEP-X-LUIZET-24-300x225.jpg 300w, http:\/\/apecroixluizet.net\/accueil\/wp-content\/uploads\/2017\/03\/BAD-USEP-X-LUIZET-24-768x576.jpg 768w, http:\/\/apecroixluizet.net\/accueil\/wp-content\/uploads\/2017\/03\/BAD-USEP-X-LUIZET-24-1024x768.jpg 1024w, http:\/\/apecroixluizet.net\/accueil\/wp-content\/uploads\/2017\/03\/BAD-USEP-X-LUIZET-24.jpg 2048w\" sizes=\"auto, (max-width: 300px) 100vw, 300px\" \/><\/p>\n<p style=\"text-align: center;\"><img loading=\"lazy\" decoding=\"async\" class=\"alignnone size-medium wp-image-1130\" src=\"http:\/\/apecroixluizet.net\/accueil\/wp-content\/uploads\/2017\/03\/BAD-USEP-X-LUIZET-47-300x127.jpg\" alt=\"\" width=\"300\" height=\"127\" srcset=\"http:\/\/apecroixluizet.net\/accueil\/wp-content\/uploads\/2017\/03\/BAD-USEP-X-LUIZET-47-300x127.jpg 300w, http:\/\/apecroixluizet.net\/accueil\/wp-content\/uploads\/2017\/03\/BAD-USEP-X-LUIZET-47-768x326.jpg 768w, http:\/\/apecroixluizet.net\/accueil\/wp-content\/uploads\/2017\/03\/BAD-USEP-X-LUIZET-47-1024x435.jpg 1024w, http:\/\/apecroixluizet.net\/accueil\/wp-content\/uploads\/2017\/03\/BAD-USEP-X-LUIZET-47.jpg 2048w\" sizes=\"auto, (max-width: 300px) 100vw, 300px\" \/> <img loading=\"lazy\" decoding=\"async\" class=\"alignnone size-medium wp-image-1131\" src=\"http:\/\/apecroixluizet.net\/accueil\/wp-content\/uploads\/2017\/03\/BAD-USEP-X-LUIZET-48-300x225.jpg\" alt=\"\" width=\"300\" height=\"225\" srcset=\"http:\/\/apecroixluizet.net\/accueil\/wp-content\/uploads\/2017\/03\/BAD-USEP-X-LUIZET-48-300x225.jpg 300w, http:\/\/apecroixluizet.net\/accueil\/wp-content\/uploads\/2017\/03\/BAD-USEP-X-LUIZET-48-768x576.jpg 768w, http:\/\/apecroixluizet.net\/accueil\/wp-content\/uploads\/2017\/03\/BAD-USEP-X-LUIZET-48-1024x768.jpg 1024w, http:\/\/apecroixluizet.net\/accueil\/wp-content\/uploads\/2017\/03\/BAD-USEP-X-LUIZET-48.jpg 2048w\" sizes=\"auto, (max-width: 300px) 100vw, 300px\" \/><\/p>\n<p style=\"text-align: center;\"><img loading=\"lazy\" decoding=\"async\" class=\"alignnone size-medium wp-image-1132\" src=\"http:\/\/apecroixluizet.net\/accueil\/wp-content\/uploads\/2017\/03\/BAD-USEP-X-LUIZET-50-300x225.jpg\" alt=\"\" width=\"300\" height=\"225\" srcset=\"http:\/\/apecroixluizet.net\/accueil\/wp-content\/uploads\/2017\/03\/BAD-USEP-X-LUIZET-50-300x225.jpg 300w, http:\/\/apecroixluizet.net\/accueil\/wp-content\/uploads\/2017\/03\/BAD-USEP-X-LUIZET-50-768x576.jpg 768w, http:\/\/apecroixluizet.net\/accueil\/wp-content\/uploads\/2017\/03\/BAD-USEP-X-LUIZET-50-1024x768.jpg 1024w, http:\/\/apecroixluizet.net\/accueil\/wp-content\/uploads\/2017\/03\/BAD-USEP-X-LUIZET-50.jpg 2048w\" sizes=\"auto, (max-width: 300px) 100vw, 300px\" \/> <img loading=\"lazy\" decoding=\"async\" class=\"alignnone size-medium wp-image-1133\" src=\"http:\/\/apecroixluizet.net\/accueil\/wp-content\/uploads\/2017\/03\/BAD-USEP-X-LUIZET-56-300x225.jpg\" alt=\"\" width=\"300\" height=\"225\" srcset=\"http:\/\/apecroixluizet.net\/accueil\/wp-content\/uploads\/2017\/03\/BAD-USEP-X-LUIZET-56-300x225.jpg 300w, http:\/\/apecroixluizet.net\/accueil\/wp-content\/uploads\/2017\/03\/BAD-USEP-X-LUIZET-56-768x576.jpg 768w, http:\/\/apecroixluizet.net\/accueil\/wp-content\/uploads\/2017\/03\/BAD-USEP-X-LUIZET-56-1024x768.jpg 1024w, http:\/\/apecroixluizet.net\/accueil\/wp-content\/uploads\/2017\/03\/BAD-USEP-X-LUIZET-56.jpg 2048w\" sizes=\"auto, (max-width: 300px) 100vw, 300px\" \/><\/p>\n<p style=\"text-align: center;\"><img loading=\"lazy\" decoding=\"async\" class=\"alignnone wp-image-1134 size-medium\" src=\"http:\/\/apecroixluizet.net\/accueil\/wp-content\/uploads\/2017\/03\/BAD-USEP-X-LUIZET-68-e1489511187689-225x300.jpg\" alt=\"\" width=\"225\" height=\"300\" srcset=\"http:\/\/apecroixluizet.net\/accueil\/wp-content\/uploads\/2017\/03\/BAD-USEP-X-LUIZET-68-e1489511187689-225x300.jpg 225w, http:\/\/apecroixluizet.net\/accueil\/wp-content\/uploads\/2017\/03\/BAD-USEP-X-LUIZET-68-e1489511187689-768x1024.jpg 768w, http:\/\/apecroixluizet.net\/accueil\/wp-content\/uploads\/2017\/03\/BAD-USEP-X-LUIZET-68-e1489511187689.jpg 1536w\" sizes=\"auto, (max-width: 225px) 100vw, 225px\" \/> <img loading=\"lazy\" decoding=\"async\" class=\"alignnone size-medium wp-image-1135\" src=\"http:\/\/apecroixluizet.net\/accueil\/wp-content\/uploads\/2017\/03\/BAD-USEP-X-LUIZET-77-300x225.jpg\" alt=\"\" width=\"300\" height=\"225\" srcset=\"http:\/\/apecroixluizet.net\/accueil\/wp-content\/uploads\/2017\/03\/BAD-USEP-X-LUIZET-77-300x225.jpg 300w, http:\/\/apecroixluizet.net\/accueil\/wp-content\/uploads\/2017\/03\/BAD-USEP-X-LUIZET-77-768x576.jpg 768w, http:\/\/apecroixluizet.net\/accueil\/wp-content\/uploads\/2017\/03\/BAD-USEP-X-LUIZET-77-1024x768.jpg 1024w, http:\/\/apecroixluizet.net\/accueil\/wp-content\/uploads\/2017\/03\/BAD-USEP-X-LUIZET-77.jpg 2048w\" sizes=\"auto, (max-width: 300px) 100vw, 300px\" \/><\/p>\n<p><img loading=\"lazy\" decoding=\"async\" class=\"alignnone size-medium wp-image-1136 aligncenter\" src=\"http:\/\/apecroixluizet.net\/accueil\/wp-content\/uploads\/2017\/03\/BAD-USEP-X-LUIZET-107-300x225.jpg\" alt=\"\" width=\"300\" height=\"225\" srcset=\"http:\/\/apecroixluizet.net\/accueil\/wp-content\/uploads\/2017\/03\/BAD-USEP-X-LUIZET-107-300x225.jpg 300w, http:\/\/apecroixluizet.net\/accueil\/wp-content\/uploads\/2017\/03\/BAD-USEP-X-LUIZET-107-768x576.jpg 768w, http:\/\/apecroixluizet.net\/accueil\/wp-content\/uploads\/2017\/03\/BAD-USEP-X-LUIZET-107-1024x768.jpg 1024w\" sizes=\"auto, (max-width: 300px) 100vw, 300px\" \/><\/p>\n<p>&nbsp;<\/p>\n<p style=\"text-align: center;\"><em>vous pourrez trouver plus de photos sur le blog de la classe<\/em><\/p>\n<p>&nbsp;<\/p>\n<h1 style=\"text-align: center;\"><span style=\"color: #3366ff;\"><em>&#8230; Bravo \u00e0 eux et \u00e0 l&rsquo;ann\u00e9e prochaine !<\/em><\/span><\/h1>\n<p style=\"text-align: center;\"><span style=\"color: #000000; font-family: Arial Black; font-size: large;\"><b>\u00a9<\/b><\/span> 2017 &#8211; APE Croix-Luizet \/ Reproduction Interdite<\/p>\n","protected":false},"excerpt":{"rendered":"<p>L&rsquo;\u00e9dition 2017 en images : le Vendredi 10 Mars \u00e0 Vaulx en Velin &nbsp; &nbsp; vous pourrez trouver plus de photos sur le blog de la classe &nbsp; &#8230; Bravo \u00e0 eux et \u00e0 l&rsquo;ann\u00e9e prochaine ! \u00a9 2017 &#8211;<\/p>\n","protected":false},"author":1,"featured_media":0,"parent":0,"menu_order":0,"comment_status":"closed","ping_status":"closed","template":"","meta":{"footnotes":""},"class_list":["post-1107","page","type-page","status-publish","hentry"],"post_mailing_queue_ids":[],"_links":{"self":[{"href":"http:\/\/apecroixluizet.net\/accueil\/wp-json\/wp\/v2\/pages\/1107","targetHints":{"allow":["GET"]}}],"collection":[{"href":"http:\/\/apecroixluizet.net\/accueil\/wp-json\/wp\/v2\/pages"}],"about":[{"href":"http:\/\/apecroixluizet.net\/accueil\/wp-json\/wp\/v2\/types\/page"}],"author":[{"embeddable":true,"href":"http:\/\/apecroixluizet.net\/accueil\/wp-json\/wp\/v2\/users\/1"}],"replies":[{"embeddable":true,"href":"http:\/\/apecroixluizet.net\/accueil\/wp-json\/wp\/v2\/comments?post=1107"}],"version-history":[{"count":3,"href":"http:\/\/apecroixluizet.net\/accueil\/wp-json\/wp\/v2\/pages\/1107\/revisions"}],"predecessor-version":[{"id":1138,"href":"http:\/\/apecroixluizet.net\/accueil\/wp-json\/wp\/v2\/pages\/1107\/revisions\/1138"}],"wp:attachment":[{"href":"http:\/\/apecroixluizet.net\/accueil\/wp-json\/wp\/v2\/media?parent=1107"}],"curies":[{"name":"wp","href":"https:\/\/api.w.org\/{rel}","templated":true}]}}